{"id":2527,"date":"2023-11-07T17:59:35","date_gmt":"2023-11-07T17:59:35","guid":{"rendered":"https:\/\/www.jacinto-lda.com\/?page_id=2527"},"modified":"2025-11-28T22:50:24","modified_gmt":"2025-11-28T22:50:24","slug":"politica-qasst","status":"publish","type":"page","link":"https:\/\/www.jacinto-lda.com\/pt\/politica-qasst\/","title":{"rendered":"Pol\u00edtica QASST"},"content":{"rendered":"\t\t<div data-elementor-type=\"wp-page\" data-elementor-id=\"2527\" class=\"elementor elementor-2527\" data-elementor-post-type=\"page\">\n\t\t\t\t\t\t<section class=\"elementor-section elementor-top-section elementor-element elementor-element-d9b7273 elementor-section-boxed elementor-section-height-default elementor-section-height-default\" data-id=\"d9b7273\" data-element_type=\"section\" data-e-type=\"section\">\n\t\t\t\t\t\t<div class=\"elementor-container elementor-column-gap-default\">\n\t\t\t\t\t<div class=\"elementor-column elementor-col-100 elementor-top-column elementor-element elementor-element-12cf539\" data-id=\"12cf539\" data-element_type=\"column\" data-e-type=\"column\">\n\t\t\t<div class=\"elementor-widget-wrap\">\n\t\t\t\t\t\t\t<\/div>\n\t\t<\/div>\n\t\t\t\t\t<\/div>\n\t\t<\/section>\n\t\t\t\t<section class=\"elementor-section elementor-top-section elementor-element elementor-element-0b13f80 elementor-section-boxed elementor-section-height-default elementor-section-height-default\" data-id=\"0b13f80\" data-element_type=\"section\" data-e-type=\"section\">\n\t\t\t\t\t\t<div class=\"elementor-container elementor-column-gap-default\">\n\t\t\t\t\t<div class=\"elementor-column elementor-col-100 elementor-top-column elementor-element elementor-element-beb66d1\" data-id=\"beb66d1\" data-element_type=\"column\" data-e-type=\"column\">\n\t\t\t<div class=\"elementor-widget-wrap elementor-element-populated\">\n\t\t\t\t\t\t<div class=\"elementor-element elementor-element-677cc3a elementor-widget elementor-widget-heading\" data-id=\"677cc3a\" data-element_type=\"widget\" data-e-type=\"widget\" data-widget_type=\"heading.default\">\n\t\t\t\t<div class=\"elementor-widget-container\">\n\t\t\t\t\t<h1 class=\"elementor-heading-title elementor-size-default\">Pol\u00edtica QASST<\/h1>\t\t\t\t<\/div>\n\t\t\t\t<\/div>\n\t\t\t\t<div class=\"elementor-element elementor-element-63a3636 elementor-widget elementor-widget-heading\" data-id=\"63a3636\" data-element_type=\"widget\" data-e-type=\"widget\" data-widget_type=\"heading.default\">\n\t\t\t\t<div class=\"elementor-widget-container\">\n\t\t\t\t\t<h2 class=\"elementor-heading-title elementor-size-default\">POL\u00cdTICA QUALIDADE, AMBIENTE, SEGURAN\u00c7A E SA\u00daDE NO TRABALHO, INVESTIGA\u00c7\u00c3O,\nDESENVOLVIMENTO E INOVA\u00c7\u00c3O<\/h2>\t\t\t\t<\/div>\n\t\t\t\t<\/div>\n\t\t\t\t<div class=\"elementor-element elementor-element-fa5cbfd elementor-widget elementor-widget-text-editor\" data-id=\"fa5cbfd\" data-element_type=\"widget\" data-e-type=\"widget\" data-widget_type=\"text-editor.default\">\n\t\t\t\t<div class=\"elementor-widget-container\">\n\t\t\t\t\t\t\t\t\t<p>Dada a competitividade do mercado e consequentemente maior preocupa\u00e7\u00e3o com as exig\u00eancias das Partes Interessadas, a Jacinto Marques De Oliveira, Sucrs. Lda (Jacinto), constata ser fundamental a melhoria cont\u00ednua do seu Sistema de Gest\u00e3o Integrado de Qualidade, Ambiente, Seguran\u00e7a e Sa\u00fade no Trabalho, Investiga\u00e7\u00e3o, Desenvolvimento e Inova\u00e7\u00e3o, integrando com a Qualidade, o respeito pela Seguran\u00e7a e Sa\u00fade dos seus Trabalhadores e pelo meio Ambiente, assim como o refor\u00e7o da responsabilidade social, sustentabilidade e capacidade inovadora da organiza\u00e7\u00e3o, como fator fundamental para a preparar para os novos desafios que as novas tecnologias, os novos modelos de neg\u00f3cio e as novas tend\u00eancias de mercado exigem.<\/p><p>A Qualidade, Ambiente, Seguran\u00e7a e Sa\u00fade dos Trabalhadores e Inova\u00e7\u00e3o da empresa s\u00e3o assumidas como prioridade pela Jacinto, tendo em conta o envolvimento de todas as partes interessadas. O Sistema de Gest\u00e3o Integrado tem como objetivos gerais:<\/p><p>\u2022 Melhoria cont\u00ednua da qualidade dos seus produtos e servi\u00e7os.<\/p><p>\u2022 Satisfa\u00e7\u00e3o das necessidades e expetativas das partes interessadas.<\/p><p>\u2022 Melhoria dos processos de trabalho e da produtividade.<\/p><p>\u2022 Melhoria do seu desempenho ambiental com o objetivo da promo\u00e7\u00e3o da sustentabilidade.<\/p><p>\u2022 Melhoria do seu desempenho ao n\u00edvel da Seguran\u00e7a e Sa\u00fade no Trabalho com o objetivo de fornecer condi\u00e7\u00f5es de trabalho seguras e saud\u00e1veis, eliminando ou reduzindo riscos de forma a prevenir les\u00f5es e doen\u00e7as profissionais.<\/p><p>\u2022 Promo\u00e7\u00e3o da consulta e participa\u00e7\u00e3o dos trabalhadores.<\/p><p>\u2022 Refor\u00e7o da criatividade e inova\u00e7\u00e3o, com base no investimento nas atividades de Investiga\u00e7\u00e3o e Desenvolvimento.<\/p><p>\u2022 Cumprimentos dos requisitos legais e outros aplic\u00e1veis \u00e0 Jacinto.<\/p><p>\u2022 Cumprimento dos requisitos das normas NP EN ISO 9001, NP EN ISO 14001, NP EN ISO 45001; NP 4457.<\/p><p>A Gest\u00e3o de Topo da Jacinto compromete-se a promover a implementa\u00e7\u00e3o, manuten\u00e7\u00e3o e a melhoria do Sistema de Gest\u00e3o Integrado baseando-se na forma\u00e7\u00e3o, responsabiliza\u00e7\u00e3o e empenho dos seus colaboradores, concedendo os recursos necess\u00e1rios ao seu funcionamento e atualiza\u00e7\u00e3o.<\/p>\t\t\t\t\t\t\t\t<\/div>\n\t\t\t\t<\/div>\n\t\t\t\t\t<\/div>\n\t\t<\/div>\n\t\t\t\t\t<\/div>\n\t\t<\/section>\n\t\t\t\t<\/div>\n\t\t","protected":false},"excerpt":{"rendered":"<p>Pol\u00edtica QASST POL\u00cdTICA QUALIDADE, AMBIENTE, SEGURAN\u00c7A E SA\u00daDE NO TRABALHO, INVESTIGA\u00c7\u00c3O, DESENVOLVIMENTO E INOVA\u00c7\u00c3O Dada a competitividade do mercado e consequentemente maior preocupa\u00e7\u00e3o com as exig\u00eancias das Partes Interessadas, a Jacinto Marques De Oliveira, Sucrs. Lda (Jacinto), constata ser fundamental a melhoria cont\u00ednua do seu Sistema de Gest\u00e3o Integrado de Qualidade, Ambiente, Seguran\u00e7a e Sa\u00fade [&hellip;]<\/p>\n","protected":false},"author":1,"featured_media":0,"parent":0,"menu_order":0,"comment_status":"closed","ping_status":"closed","template":"","meta":{"_acf_changed":false,"inline_featured_image":false,"footnotes":""},"class_list":["post-2527","page","type-page","status-publish","hentry"],"acf":[],"_links":{"self":[{"href":"https:\/\/www.jacinto-lda.com\/pt\/wp-json\/wp\/v2\/pages\/2527","targetHints":{"allow":["GET"]}}],"collection":[{"href":"https:\/\/www.jacinto-lda.com\/pt\/wp-json\/wp\/v2\/pages"}],"about":[{"href":"https:\/\/www.jacinto-lda.com\/pt\/wp-json\/wp\/v2\/types\/page"}],"author":[{"embeddable":true,"href":"https:\/\/www.jacinto-lda.com\/pt\/wp-json\/wp\/v2\/users\/1"}],"replies":[{"embeddable":true,"href":"https:\/\/www.jacinto-lda.com\/pt\/wp-json\/wp\/v2\/comments?post=2527"}],"version-history":[{"count":18,"href":"https:\/\/www.jacinto-lda.com\/pt\/wp-json\/wp\/v2\/pages\/2527\/revisions"}],"predecessor-version":[{"id":4058,"href":"https:\/\/www.jacinto-lda.com\/pt\/wp-json\/wp\/v2\/pages\/2527\/revisions\/4058"}],"wp:attachment":[{"href":"https:\/\/www.jacinto-lda.com\/pt\/wp-json\/wp\/v2\/media?parent=2527"}],"curies":[{"name":"wp","href":"https:\/\/api.w.org\/{rel}","templated":true}]}}