{"id":2527,"date":"2023-11-07T17:59:35","date_gmt":"2023-11-07T17:59:35","guid":{"rendered":"https:\/\/www.jacinto-lda.com\/?page_id=2527"},"modified":"2025-11-28T22:50:24","modified_gmt":"2025-11-28T22:50:24","slug":"politica-qasst","status":"publish","type":"page","link":"https:\/\/www.jacinto-lda.com\/fr\/politica-qasst\/","title":{"rendered":"Politique QASST"},"content":{"rendered":"<div data-elementor-type=\"wp-page\" data-elementor-id=\"2527\" class=\"elementor elementor-2527\" data-elementor-post-type=\"page\">\n\t\t\t\t\t\t<section class=\"elementor-section elementor-top-section elementor-element elementor-element-d9b7273 elementor-section-boxed elementor-section-height-default elementor-section-height-default\" data-id=\"d9b7273\" data-element_type=\"section\" data-e-type=\"section\">\n\t\t\t\t\t\t<div class=\"elementor-container elementor-column-gap-default\">\n\t\t\t\t\t<div class=\"elementor-column elementor-col-100 elementor-top-column elementor-element elementor-element-12cf539\" data-id=\"12cf539\" data-element_type=\"column\" data-e-type=\"column\">\n\t\t\t<div class=\"elementor-widget-wrap\">\n\t\t\t\t\t\t\t<\/div>\n\t\t<\/div>\n\t\t\t\t\t<\/div>\n\t\t<\/section>\n\t\t\t\t<section class=\"elementor-section elementor-top-section elementor-element elementor-element-0b13f80 elementor-section-boxed elementor-section-height-default elementor-section-height-default\" data-id=\"0b13f80\" data-element_type=\"section\" data-e-type=\"section\">\n\t\t\t\t\t\t<div class=\"elementor-container elementor-column-gap-default\">\n\t\t\t\t\t<div class=\"elementor-column elementor-col-100 elementor-top-column elementor-element elementor-element-beb66d1\" data-id=\"beb66d1\" data-element_type=\"column\" data-e-type=\"column\">\n\t\t\t<div class=\"elementor-widget-wrap elementor-element-populated\">\n\t\t\t\t\t\t<div class=\"elementor-element elementor-element-677cc3a elementor-widget elementor-widget-heading\" data-id=\"677cc3a\" data-element_type=\"widget\" data-e-type=\"widget\" data-widget_type=\"heading.default\">\n\t\t\t\t<div class=\"elementor-widget-container\">\n\t\t\t\t\t<h1 class=\"elementor-heading-title elementor-size-default\">Politique QASST<\/h1>\t\t\t\t<\/div>\n\t\t\t\t<\/div>\n\t\t\t\t<div class=\"elementor-element elementor-element-63a3636 elementor-widget elementor-widget-heading\" data-id=\"63a3636\" data-element_type=\"widget\" data-e-type=\"widget\" data-widget_type=\"heading.default\">\n\t\t\t\t<div class=\"elementor-widget-container\">\n\t\t\t\t\t<h2 class=\"elementor-heading-title elementor-size-default\">POLITIQUE QUALIT\u00c9, ENVIRONNEMENT, SANT\u00c9 ET S\u00c9CURIT\u00c9 AU TRAVAIL, RECHERCHE, D\u00c9VELOPPEMENT ET INNOVATION<\/h2>\t\t\t\t<\/div>\n\t\t\t\t<\/div>\n\t\t\t\t<div class=\"elementor-element elementor-element-fa5cbfd elementor-widget elementor-widget-text-editor\" data-id=\"fa5cbfd\" data-element_type=\"widget\" data-e-type=\"widget\" data-widget_type=\"text-editor.default\">\n\t\t\t\t<div class=\"elementor-widget-container\">\n\t\t\t\t\t\t\t\t\t<p>Compte tenu de la comp\u00e9titivit\u00e9 du march\u00e9 et de la pr\u00e9occupation croissante li\u00e9e aux exigences des Parties Int\u00e9ress\u00e9es, Jacinto Marques De Oliveira, Sucrs. Lda (Jacinto), consid\u00e8re comme essentiel l\u2019am\u00e9lioration continue de son Syst\u00e8me de Gestion Int\u00e9gr\u00e9 de la Qualit\u00e9, de l\u2019Environnement, de la Sant\u00e9 et S\u00e9curit\u00e9 au Travail, ainsi que de la Recherche, D\u00e9veloppement et Innovation. Cela implique de combiner la Qualit\u00e9 avec le respect de la S\u00e9curit\u00e9 et de la Sant\u00e9 de ses Travailleurs et de l\u2019Environnement, ainsi que de renforcer la responsabilit\u00e9 sociale, la durabilit\u00e9 et la capacit\u00e9 d\u2019innovation de l\u2019organisation, en tant que facteur cl\u00e9 pour la pr\u00e9parer aux nouveaux d\u00e9fis impos\u00e9s par les technologies \u00e9mergentes, les nouveaux mod\u00e8les commerciaux et les tendances du march\u00e9.<\/p><p>La Qualit\u00e9, l\u2019Environnement, la Sant\u00e9 et la S\u00e9curit\u00e9 des Travailleurs ainsi que l\u2019Innovation sont consid\u00e9r\u00e9es comme des priorit\u00e9s par Jacinto, en tenant compte de l\u2019implication de toutes les parties int\u00e9ress\u00e9es. Le Syst\u00e8me de Gestion Int\u00e9gr\u00e9 a pour objectifs g\u00e9n\u00e9raux :<\/p><p>\u2022 Am\u00e9lioration continue de la qualit\u00e9 de ses produits et services.<\/p><p>\u2022 Satisfaction des besoins et des attentes des parties int\u00e9ress\u00e9es.<\/p><p>\u2022 Am\u00e9lioration des processus de travail et de la productivit\u00e9.<\/p><p>\u2022 Am\u00e9lioration de sa performance environnementale dans l\u2019objectif de promouvoir la durabilit\u00e9.<\/p><p>\u2022 Am\u00e9lioration de sa performance en mati\u00e8re de Sant\u00e9 et S\u00e9curit\u00e9 au Travail afin de fournir des conditions de travail s\u00fbres et saines, en \u00e9liminant ou en r\u00e9duisant les risques afin de pr\u00e9venir les blessures et les maladies professionnelles.<\/p><p>\u2022 Promotion de la consultation et de la participation des travailleurs.<\/p><p>\u2022 Renforcement de la cr\u00e9ativit\u00e9 et de l\u2019innovation gr\u00e2ce \u00e0 l\u2019investissement dans les activit\u00e9s de Recherche et D\u00e9veloppement.<\/p><p>\u2022 Respect des exigences l\u00e9gales et autres applicables \u00e0 Jacinto.<\/p><p>\u2022 Respect des exigences des normes NP EN ISO 9001, NP EN ISO 14001, NP EN ISO 45001 ; NP 4457.<\/p><p>La Direction G\u00e9n\u00e9rale de Jacinto s\u2019engage \u00e0 promouvoir la mise en \u0153uvre, le maintien et l\u2019am\u00e9lioration du Syst\u00e8me de Gestion Int\u00e9gr\u00e9, en s\u2019appuyant sur la formation, la responsabilisation et l\u2019implication de ses collaborateurs, et en fournissant les ressources n\u00e9cessaires \u00e0 son fonctionnement et \u00e0 sa mise \u00e0 jour.<\/p>\t\t\t\t\t\t\t\t<\/div>\n\t\t\t\t<\/div>\n\t\t\t\t\t<\/div>\n\t\t<\/div>\n\t\t\t\t\t<\/div>\n\t\t<\/section>\n\t\t\t\t<\/div>","protected":false},"excerpt":{"rendered":"<p>Pol\u00edtica QASST POL\u00cdTICA QUALIDADE, AMBIENTE, SEGURAN\u00c7A E SA\u00daDE NO TRABALHO, INVESTIGA\u00c7\u00c3O, DESENVOLVIMENTO E INOVA\u00c7\u00c3O Dada a competitividade do mercado e consequentemente maior preocupa\u00e7\u00e3o com as exig\u00eancias das Partes Interessadas, a Jacinto Marques De Oliveira, Sucrs. Lda (Jacinto), constata ser fundamental a melhoria cont\u00ednua do seu Sistema de Gest\u00e3o Integrado de Qualidade, Ambiente, Seguran\u00e7a e Sa\u00fade [&hellip;]<\/p>\n","protected":false},"author":1,"featured_media":0,"parent":0,"menu_order":0,"comment_status":"closed","ping_status":"closed","template":"","meta":{"_acf_changed":false,"inline_featured_image":false,"footnotes":""},"class_list":["post-2527","page","type-page","status-publish","hentry"],"acf":[],"_links":{"self":[{"href":"https:\/\/www.jacinto-lda.com\/fr\/wp-json\/wp\/v2\/pages\/2527","targetHints":{"allow":["GET"]}}],"collection":[{"href":"https:\/\/www.jacinto-lda.com\/fr\/wp-json\/wp\/v2\/pages"}],"about":[{"href":"https:\/\/www.jacinto-lda.com\/fr\/wp-json\/wp\/v2\/types\/page"}],"author":[{"embeddable":true,"href":"https:\/\/www.jacinto-lda.com\/fr\/wp-json\/wp\/v2\/users\/1"}],"replies":[{"embeddable":true,"href":"https:\/\/www.jacinto-lda.com\/fr\/wp-json\/wp\/v2\/comments?post=2527"}],"version-history":[{"count":18,"href":"https:\/\/www.jacinto-lda.com\/fr\/wp-json\/wp\/v2\/pages\/2527\/revisions"}],"predecessor-version":[{"id":4058,"href":"https:\/\/www.jacinto-lda.com\/fr\/wp-json\/wp\/v2\/pages\/2527\/revisions\/4058"}],"wp:attachment":[{"href":"https:\/\/www.jacinto-lda.com\/fr\/wp-json\/wp\/v2\/media?parent=2527"}],"curies":[{"name":"wp","href":"https:\/\/api.w.org\/{rel}","templated":true}]}}