{"id":1613,"date":"2023-07-14T11:08:38","date_gmt":"2023-07-14T11:08:38","guid":{"rendered":"https:\/\/www.jacinto-lda.com\/?page_id=1613"},"modified":"2024-04-01T09:31:25","modified_gmt":"2024-04-01T09:31:25","slug":"canal-de-denuncias","status":"publish","type":"page","link":"https:\/\/www.jacinto-lda.com\/fr\/canal-de-denuncias\/","title":{"rendered":"Canal de Den\u00fancias"},"content":{"rendered":"<div data-elementor-type=\"wp-page\" data-elementor-id=\"1613\" class=\"elementor elementor-1613\" data-elementor-post-type=\"page\">\n\t\t\t\t\t\t<section class=\"elementor-section elementor-top-section elementor-element elementor-element-d9b7273 elementor-section-boxed elementor-section-height-default elementor-section-height-default\" data-id=\"d9b7273\" data-element_type=\"section\" data-e-type=\"section\">\n\t\t\t\t\t\t<div class=\"elementor-container elementor-column-gap-default\">\n\t\t\t\t\t<div class=\"elementor-column elementor-col-100 elementor-top-column elementor-element elementor-element-12cf539\" data-id=\"12cf539\" data-element_type=\"column\" data-e-type=\"column\">\n\t\t\t<div class=\"elementor-widget-wrap\">\n\t\t\t\t\t\t\t<\/div>\n\t\t<\/div>\n\t\t\t\t\t<\/div>\n\t\t<\/section>\n\t\t\t\t<section class=\"elementor-section elementor-top-section elementor-element elementor-element-0b13f80 elementor-section-boxed elementor-section-height-default elementor-section-height-default\" data-id=\"0b13f80\" data-element_type=\"section\" data-e-type=\"section\">\n\t\t\t\t\t\t<div class=\"elementor-container elementor-column-gap-default\">\n\t\t\t\t\t<div class=\"elementor-column elementor-col-100 elementor-top-column elementor-element elementor-element-beb66d1\" data-id=\"beb66d1\" data-element_type=\"column\" data-e-type=\"column\">\n\t\t\t<div class=\"elementor-widget-wrap elementor-element-populated\">\n\t\t\t\t\t\t<div class=\"elementor-element elementor-element-63a3636 elementor-widget elementor-widget-heading\" data-id=\"63a3636\" data-element_type=\"widget\" data-e-type=\"widget\" data-widget_type=\"heading.default\">\n\t\t\t\t<div class=\"elementor-widget-container\">\n\t\t\t\t\t<h2 class=\"elementor-heading-title elementor-size-default\">Informations<\/h2>\t\t\t\t<\/div>\n\t\t\t\t<\/div>\n\t\t\t\t<div class=\"elementor-element elementor-element-677cc3a elementor-widget elementor-widget-heading\" data-id=\"677cc3a\" data-element_type=\"widget\" data-e-type=\"widget\" data-widget_type=\"heading.default\">\n\t\t\t\t<div class=\"elementor-widget-container\">\n\t\t\t\t\t<h1 class=\"elementor-heading-title elementor-size-default\">Canal de plaintes<\/h1>\t\t\t\t<\/div>\n\t\t\t\t<\/div>\n\t\t\t\t\t<\/div>\n\t\t<\/div>\n\t\t\t\t\t<\/div>\n\t\t<\/section>\n\t\t\t\t<section class=\"elementor-section elementor-top-section elementor-element elementor-element-4288379 elementor-section-boxed elementor-section-height-default elementor-section-height-default\" data-id=\"4288379\" data-element_type=\"section\" data-e-type=\"section\">\n\t\t\t\t\t\t<div class=\"elementor-container elementor-column-gap-default\">\n\t\t\t\t\t<div class=\"elementor-column elementor-col-100 elementor-top-column elementor-element elementor-element-f5ad59b\" data-id=\"f5ad59b\" data-element_type=\"column\" data-e-type=\"column\">\n\t\t\t<div class=\"elementor-widget-wrap elementor-element-populated\">\n\t\t\t\t\t\t<div class=\"elementor-element elementor-element-ceb1e8e white-links elementor-widget elementor-widget-text-editor\" data-id=\"ceb1e8e\" data-element_type=\"widget\" data-e-type=\"widget\" data-widget_type=\"text-editor.default\">\n\t\t\t\t<div class=\"elementor-widget-container\">\n\t\t\t\t\t\t\t\t\t<p>Jacinto Marques de Oliveira, Sucrs, Lda. dispose d'un canal de d\u00e9nonciation conform\u00e9ment \u00e0 la loi n\u00b0 93\/2021 (norme transposant la directive 2019\/1937 de l'Union europ\u00e9enne - loi sur la d\u00e9nonciation).<\/p><p>Le canal de d\u00e9nonciation sert de m\u00e9canisme interne \u00e0 l'entreprise pour g\u00e9rer et analyser les pratiques, actions ou \u00e9v\u00e9nements signal\u00e9s par des agents internes ou externes qui sont contraires \u00e0 la l\u00e9gislation nationale ou europ\u00e9enne, dans les domaines suivants:<\/p><p>\u2013 les pratiques d'embauche;<\/p><p>\u2013 les produits et\/ou les services (conformit\u00e9, s\u00e9curit\u00e9 et protection des consommateurs);<\/p><p>\u2013 financi\u00e8re et \u00e9conomique;<\/p><p>\u2013 la protection de l'environnement et la sant\u00e9 publique;<\/p><p>\u2013 la protection de la vie priv\u00e9e, des donn\u00e9es personnelles et des r\u00e9seaux\/syst\u00e8mes d'information;<\/p><p>Les plaintes doivent contenir autant de d\u00e9tails et d'informations que possible et, si possible, \u00eatre \u00e9tay\u00e9es par des documents. En fonction du contenu de chaque plainte, des \u00e9l\u00e9ments et des informations suppl\u00e9mentaires sur la situation peuvent \u00eatre demand\u00e9s.<\/p><p>Les rapports peuvent \u00eatre faits par:<\/p><p>\u2013 Travailleurs ou anciens travailleurs;<\/p><p>\u2013 Fournisseurs de services;<\/p><p>\u2013 Les fournisseurs et\/ou leurs travailleurs;<\/p><p>\u2013 Les membres des organes statutaires;<\/p><p>\u2013 Stagiaires;<\/p><p>\u2013 Demandeurs d'emploi;<\/p><p>La confidentialit\u00e9 et l'anonymat sont garantis au d\u00e9nonciateur jusqu'\u00e0 ce que l'information soit au centre d'une enqu\u00eate interne ou d'une proc\u00e9dure judiciaire. Toute plainte doit \u00eatre fond\u00e9e sur des motifs raisonnables et de bonne foi. Les actes de repr\u00e9sailles \u00e0 l'encontre du d\u00e9nonciateur sont interdits.<\/p><p>Proc\u00e9dure de d\u00e9p\u00f4t de plainte<br \/>Envoyer la communication \u00e0 l'une des adresses suivantes:<br \/>\u2013 Courriel: whistleblowing@jacinto-lda.com<\/p><p>Ou<\/p><p>\u2013 Communication par courrier \u00e0: Avenida dos Correios, n.\u00ba191 - Apartado 47 3885-410 Esmoriz<\/p><p>Le processus de suivi de la plainte:<\/p><p>\u2013 dans les 7 jours: notification confirmant la r\u00e9ception de la plainte;<\/p><p>\u2013 dans un d\u00e9lai de 3 mois: communication de la conclusion, des motifs et, le cas \u00e9ch\u00e9ant, des mesures pr\u00e9vues\/prises \u00e0 la suite de la plainte;<\/p><p>\u2013 dans les 15 jours suivant l'ach\u00e8vement: (si le plaignant le demande) communication des r\u00e9sultats des enqu\u00eates effectu\u00e9es;<\/p><p>Le registre des plaintes sera conserv\u00e9 pendant une p\u00e9riode de 5 ans ou pendant toute la dur\u00e9e d'une proc\u00e9dure judiciaire ou administrative.\u00a0<\/p>\t\t\t\t\t\t\t\t<\/div>\n\t\t\t\t<\/div>\n\t\t\t\t\t<\/div>\n\t\t<\/div>\n\t\t\t\t\t<\/div>\n\t\t<\/section>\n\t\t\t\t<\/div>","protected":false},"excerpt":{"rendered":"<p>Informa\u00e7\u00e3o Canal de den\u00fancias A Jacinto Marques de Oliveira, Sucrs., Lda. disp\u00f5e de um Canal de Den\u00fancias de acordo com a Lei n.\u00ba 93\/2021 (Norma que transp\u00f5e a Diretiva da Uni\u00e3o Europeia 2019\/1937 \u2013 Lei do Whistleblowing). O Canal de Den\u00fancias serve como mecanismo interno da empresa para gest\u00e3o e an\u00e1lise de pr\u00e1ticas, a\u00e7\u00f5es ou [&hellip;]<\/p>\n","protected":false},"author":1,"featured_media":0,"parent":0,"menu_order":0,"comment_status":"closed","ping_status":"closed","template":"","meta":{"_acf_changed":false,"inline_featured_image":false,"footnotes":""},"class_list":["post-1613","page","type-page","status-publish","hentry"],"acf":[],"_links":{"self":[{"href":"https:\/\/www.jacinto-lda.com\/fr\/wp-json\/wp\/v2\/pages\/1613","targetHints":{"allow":["GET"]}}],"collection":[{"href":"https:\/\/www.jacinto-lda.com\/fr\/wp-json\/wp\/v2\/pages"}],"about":[{"href":"https:\/\/www.jacinto-lda.com\/fr\/wp-json\/wp\/v2\/types\/page"}],"author":[{"embeddable":true,"href":"https:\/\/www.jacinto-lda.com\/fr\/wp-json\/wp\/v2\/users\/1"}],"replies":[{"embeddable":true,"href":"https:\/\/www.jacinto-lda.com\/fr\/wp-json\/wp\/v2\/comments?post=1613"}],"version-history":[{"count":0,"href":"https:\/\/www.jacinto-lda.com\/fr\/wp-json\/wp\/v2\/pages\/1613\/revisions"}],"wp:attachment":[{"href":"https:\/\/www.jacinto-lda.com\/fr\/wp-json\/wp\/v2\/media?parent=1613"}],"curies":[{"name":"wp","href":"https:\/\/api.w.org\/{rel}","templated":true}]}}