{"id":1177,"date":"2023-07-12T11:50:53","date_gmt":"2023-07-12T11:50:53","guid":{"rendered":"https:\/\/www.jacinto-lda.com\/?page_id=1177"},"modified":"2025-07-21T10:27:08","modified_gmt":"2025-07-21T10:27:08","slug":"produits","status":"publish","type":"page","link":"https:\/\/www.jacinto-lda.com\/fr\/produits\/","title":{"rendered":"Produits"},"content":{"rendered":"<div data-elementor-type=\"wp-page\" data-elementor-id=\"1177\" class=\"elementor elementor-1177\" data-elementor-post-type=\"page\">\n\t\t\t\t\t\t<section class=\"elementor-section elementor-top-section elementor-element elementor-element-46c76e4 elementor-section-boxed elementor-section-height-default elementor-section-height-default\" data-id=\"46c76e4\" data-element_type=\"section\" data-e-type=\"section\">\n\t\t\t\t\t\t<div class=\"elementor-container elementor-column-gap-default\">\n\t\t\t\t\t<div class=\"elementor-column elementor-col-100 elementor-top-column elementor-element elementor-element-b353877\" data-id=\"b353877\" data-element_type=\"column\" data-e-type=\"column\">\n\t\t\t<div class=\"elementor-widget-wrap elementor-element-populated\">\n\t\t\t\t\t\t<div class=\"elementor-element elementor-element-b55deb5 elementor-widget elementor-widget-heading\" data-id=\"b55deb5\" data-element_type=\"widget\" data-e-type=\"widget\" data-widget_type=\"heading.default\">\n\t\t\t\t<div class=\"elementor-widget-container\">\n\t\t\t\t\t<h1 class=\"elementor-heading-title elementor-size-default\">Produits<\/h1>\t\t\t\t<\/div>\n\t\t\t\t<\/div>\n\t\t\t\t\t<\/div>\n\t\t<\/div>\n\t\t\t\t\t<\/div>\n\t\t<\/section>\n\t\t\t\t<section class=\"elementor-section elementor-top-section elementor-element elementor-element-ab26e9b elementor-section-boxed elementor-section-height-default elementor-section-height-default\" data-id=\"ab26e9b\" data-element_type=\"section\" data-e-type=\"section\">\n\t\t\t\t\t\t<div class=\"elementor-container elementor-column-gap-default\">\n\t\t\t\t\t<div class=\"elementor-column elementor-col-100 elementor-top-column elementor-element elementor-element-5a83920\" data-id=\"5a83920\" data-element_type=\"column\" data-e-type=\"column\">\n\t\t\t<div class=\"elementor-widget-wrap elementor-element-populated\">\n\t\t\t\t\t\t<div class=\"elementor-element elementor-element-9cd0167 elementor-widget elementor-widget-grid-geral-jacinto\" data-id=\"9cd0167\" data-element_type=\"widget\" data-e-type=\"widget\" data-widget_type=\"grid-geral-jacinto.default\">\n\t\t\t\t<div class=\"elementor-widget-container\">\n\t\t\t\t\t\n\n\t\t<input class=\"type\" type=\"hidden\" value=\"produtos\"> \n\t\t<input class=\"n_colunas\" type=\"hidden\" value=\"tres\"> \n\t\t<input class=\"hasNextPage\" type=\"hidden\" value=\"true\"> \n\t\t<input class=\"category_slug\" type=\"hidden\" value=\"\">\n\n\t\n\t\t\t\t\t<div class=\"big-container-tabs-geral-veiculos categories\">\n\t\t\t\t<a class='active' data-filter=\"all\">\n\t\t\t\t\t<h4>TOUS<\/h4>\n\t\t\t\t<\/a>\n\t\t\t\t\t\t\t\t\t<a  data-filter=\"bombas-e-motobombas\" data-category=\"55\" title=\"Pompes et motopompes\"><h4>Pompes et motopompes<\/h4><\/a>\n\t\t\t\t\t\t\t\t\t\t<a  data-filter=\"equipamento-eletrico\" data-category=\"66\" title=\"\u00c9quipement \u00e9lectrique\"><h4>\u00c9quipement \u00e9lectrique<\/h4><\/a>\n\t\t\t\t\t\t\t\t\t\t<a  data-filter=\"equipamento-hidraulico\" data-category=\"57\" title=\"\u00c9quipement hydraulique\"><h4>\u00c9quipement hydraulique<\/h4><\/a>\n\t\t\t\t\t\t\t\t\t\t<a  data-filter=\"equipamento-resgate-e-salvamento\" data-category=\"54\" title=\"Mat\u00e9riel de sauvetage et de r\u00e9cup\u00e9ration\"><h4>Mat\u00e9riel de sauvetage et de r\u00e9cup\u00e9ration<\/h4><\/a>\n\t\t\t\t\t\t\t\t\t\t<a  data-filter=\"protecao-individual\" data-category=\"56\" title=\"Protection Individuelle\"><h4>Protection Individuelle<\/h4><\/a>\n\t\t\t\t\t\t\t\t<\/div>\n\n\t\t\t\t\t<div class=\"subcategories\" data-category-id=\"55\" data-parent-slug=\"bombas-e-motobombas\">\n\t\t\t\t\t\t<a  data-filter=\"bombas\" title=\"Pompes\"><h4>Pompes<\/h4>\n\t\t\t<\/a>\n\t\t\t\t\t\t\t<a  data-filter=\"motobombas\" title=\"Pompes \u00e0 moteur\"><h4>Pompes \u00e0 moteur<\/h4>\n\t\t\t<\/a>\n\t\t\t\t\t\t<\/div>\n\t\t\t\n\n\t\t\t\t\t\n\t\t\t\t\t\t\t\n\t\t\t\t\t\t\t\n\t\t\t\t\t<div class=\"subcategories\" data-category-id=\"54\" data-parent-slug=\"equipamento-resgate-e-salvamento\">\n\t\t\t\t\t\t<a  data-filter=\"resqtec\" title=\"RESQTEC\"><h4>RESQTEC<\/h4>\n\t\t\t<\/a>\n\t\t\t\t\t\t\t<a  data-filter=\"guinchos\" title=\"\/\/ Treuils\"><h4>\/\/ Treuils<\/h4>\n\t\t\t<\/a>\n\t\t\t\t\t\t<\/div>\n\t\t\t\n\n\t\t\t\t\t\n\t\t\t\t\t<div class=\"subcategories\" data-category-id=\"56\" data-parent-slug=\"protecao-individual\">\n\t\t\t\t\t\t<a  data-filter=\"capacetes\" title=\"Casques\"><h4>Casques<\/h4>\n\t\t\t<\/a>\n\t\t\t\t\t\t\t<a  data-filter=\"fatos-nomex\" title=\"Costumes Nomex\"><h4>Costumes Nomex<\/h4>\n\t\t\t<\/a>\n\t\t\t\t\t\t<\/div>\n\t\t\t\n\n\t\t\t\t\t\n\t\t\t\t\t\t\t\n\n\t\n\t\t<div class=\"grid-items-container\"><\/div>\n\t\t\n\n\t\t\t\t\t<\/div>\n\t\t\t\t<\/div>\n\t\t\t\t\t<\/div>\n\t\t<\/div>\n\t\t\t\t\t<\/div>\n\t\t<\/section>\n\t\t\t\t<\/div>","protected":false},"excerpt":{"rendered":"<p>Produtos TODOS Bombas e motobombas Equipamento El\u00e9trico Equipamento Hidr\u00e1ulico Equipamento resgate e salvamento Prote\u00e7\u00e3o Individual Bombas Motobombas RESQTEC Guinchos Capacetes Fatos Nomex<\/p>","protected":false},"author":1,"featured_media":3217,"parent":0,"menu_order":0,"comment_status":"closed","ping_status":"closed","template":"","meta":{"_acf_changed":false,"inline_featured_image":false,"footnotes":""},"class_list":["post-1177","page","type-page","status-publish","has-post-thumbnail","hentry"],"acf":[],"_links":{"self":[{"href":"https:\/\/www.jacinto-lda.com\/fr\/wp-json\/wp\/v2\/pages\/1177","targetHints":{"allow":["GET"]}}],"collection":[{"href":"https:\/\/www.jacinto-lda.com\/fr\/wp-json\/wp\/v2\/pages"}],"about":[{"href":"https:\/\/www.jacinto-lda.com\/fr\/wp-json\/wp\/v2\/types\/page"}],"author":[{"embeddable":true,"href":"https:\/\/www.jacinto-lda.com\/fr\/wp-json\/wp\/v2\/users\/1"}],"replies":[{"embeddable":true,"href":"https:\/\/www.jacinto-lda.com\/fr\/wp-json\/wp\/v2\/comments?post=1177"}],"version-history":[{"count":3,"href":"https:\/\/www.jacinto-lda.com\/fr\/wp-json\/wp\/v2\/pages\/1177\/revisions"}],"predecessor-version":[{"id":3770,"href":"https:\/\/www.jacinto-lda.com\/fr\/wp-json\/wp\/v2\/pages\/1177\/revisions\/3770"}],"wp:featuredmedia":[{"embeddable":true,"href":"https:\/\/www.jacinto-lda.com\/fr\/wp-json\/wp\/v2\/media\/3217"}],"wp:attachment":[{"href":"https:\/\/www.jacinto-lda.com\/fr\/wp-json\/wp\/v2\/media?parent=1177"}],"curies":[{"name":"wp","href":"https:\/\/api.w.org\/{rel}","templated":true}]}}