{"id":280,"date":"2023-07-07T10:38:44","date_gmt":"2023-07-07T10:38:44","guid":{"rendered":"https:\/\/www.jacinto-lda.com\/?page_id=280"},"modified":"2025-07-21T10:41:48","modified_gmt":"2025-07-21T10:41:48","slug":"vehiculos-de-combate-contra-incendios","status":"publish","type":"page","link":"https:\/\/www.jacinto-lda.com\/es\/vehiculos-de-combate-contra-incendios\/","title":{"rendered":"Ve\u00edculos de Combate a Inc\u00eandio\u200b"},"content":{"rendered":"<div data-elementor-type=\"wp-page\" data-elementor-id=\"280\" class=\"elementor elementor-280\" data-elementor-post-type=\"page\">\n\t\t\t\t\t\t<section class=\"elementor-section elementor-top-section elementor-element elementor-element-9a2c6e9 elementor-section-boxed elementor-section-height-default elementor-section-height-default\" data-id=\"9a2c6e9\" data-element_type=\"section\" data-e-type=\"section\">\n\t\t\t\t\t\t<div class=\"elementor-container elementor-column-gap-default\">\n\t\t\t\t\t<div class=\"elementor-column elementor-col-100 elementor-top-column elementor-element elementor-element-a7f40ce\" data-id=\"a7f40ce\" data-element_type=\"column\" data-e-type=\"column\">\n\t\t\t<div class=\"elementor-widget-wrap\">\n\t\t\t\t\t\t\t<\/div>\n\t\t<\/div>\n\t\t\t\t\t<\/div>\n\t\t<\/section>\n\t\t\t\t<section class=\"elementor-section elementor-top-section elementor-element elementor-element-cf4b341 elementor-section-boxed elementor-section-height-default elementor-section-height-default\" data-id=\"cf4b341\" data-element_type=\"section\" data-e-type=\"section\">\n\t\t\t\t\t\t<div class=\"elementor-container elementor-column-gap-default\">\n\t\t\t\t\t<div class=\"elementor-column elementor-col-100 elementor-top-column elementor-element elementor-element-659a1f8\" data-id=\"659a1f8\" data-element_type=\"column\" data-e-type=\"column\">\n\t\t\t<div class=\"elementor-widget-wrap elementor-element-populated\">\n\t\t\t\t\t\t<div class=\"elementor-element elementor-element-bd1ecb7 elementor-widget elementor-widget-heading\" data-id=\"bd1ecb7\" data-element_type=\"widget\" data-e-type=\"widget\" data-widget_type=\"heading.default\">\n\t\t\t\t<div class=\"elementor-widget-container\">\n\t\t\t\t\t<h1 class=\"elementor-heading-title elementor-size-default\">Veh\u00edculos de Combate contra Incendios<\/h1>\t\t\t\t<\/div>\n\t\t\t\t<\/div>\n\t\t\t\t\t<\/div>\n\t\t<\/div>\n\t\t\t\t\t<\/div>\n\t\t<\/section>\n\t\t\t\t<section class=\"elementor-section elementor-top-section elementor-element elementor-element-9c1a86c elementor-section-boxed elementor-section-height-default elementor-section-height-default\" data-id=\"9c1a86c\" data-element_type=\"section\" data-e-type=\"section\">\n\t\t\t\t\t\t<div class=\"elementor-container elementor-column-gap-default\">\n\t\t\t\t\t<div class=\"elementor-column elementor-col-100 elementor-top-column elementor-element elementor-element-bace79d\" data-id=\"bace79d\" data-element_type=\"column\" data-e-type=\"column\">\n\t\t\t<div class=\"elementor-widget-wrap elementor-element-populated\">\n\t\t\t\t\t\t<div class=\"elementor-element elementor-element-360bc34 elementor-widget elementor-widget-grid-geral-jacinto\" data-id=\"360bc34\" data-element_type=\"widget\" data-e-type=\"widget\" data-widget_type=\"grid-geral-jacinto.default\">\n\t\t\t\t<div class=\"elementor-widget-container\">\n\t\t\t\t\t\n\n\t\t<input class=\"type\" type=\"hidden\" value=\"veiculos\"> \n\t\t<input class=\"n_colunas\" type=\"hidden\" value=\"tres\"> \n\t\t<input class=\"hasNextPage\" type=\"hidden\" value=\"true\"> \n\t\t<input class=\"category_slug\" type=\"hidden\" value=\"\">\n\n\t\n\t\t\t\t\t<div class=\"big-container-tabs-geral-veiculos categories\">\n\t\t\t\t<a class='active' data-filter=\"all\">\n\t\t\t\t\t<h4>TODOS<\/h4>\n\t\t\t\t<\/a>\n\t\t\t\t\t\t\t\t\t<a  data-filter=\"aeroportos\" data-category=\"31\" title=\"Aeropuertos\"><h4>Aeropuertos<\/h4><\/a>\n\t\t\t\t\t\t\t\t\t\t<a  data-filter=\"bombeiros\" data-category=\"36\" title=\"Bomberos\"><h4>Bomberos<\/h4><\/a>\n\t\t\t\t\t\t\t\t\t\t<a  data-filter=\"especiais\" data-category=\"43\" title=\"Especiales\"><h4>Especiales<\/h4><\/a>\n\t\t\t\t\t\t\t\t\t\t<a  data-filter=\"industriais\" data-category=\"44\" title=\"Industrial\"><h4>Industrial<\/h4><\/a>\n\t\t\t\t\t\t\t\t\t\t<a  data-filter=\"plataformas\" data-category=\"45\" title=\"Plataformas\"><h4>Plataformas<\/h4><\/a>\n\t\t\t\t\t\t\t\t\t\t<a  data-filter=\"policia\" data-category=\"48\" title=\"Polic\u00eda\"><h4>Polic\u00eda<\/h4><\/a>\n\t\t\t\t\t\t\t\t<\/div>\n\n\t\t\t\t\t<div class=\"subcategories\" data-category-id=\"31\" data-parent-slug=\"aeroportos\">\n\t\t\t\t\t\t<a  data-filter=\"chassis-especiais\" title=\"Chassis Especiais\"><h4>Chassis Especiais<\/h4>\n\t\t\t<\/a>\n\t\t\t\t\t\t\t<a  data-filter=\"primeira-intervencao\" title=\"Primera Intervenci\u00f3n\"><h4>Primera Intervenci\u00f3n<\/h4>\n\t\t\t<\/a>\n\t\t\t\t\t\t\t<a  data-filter=\"standard\" title=\"Standard\"><h4>Standard<\/h4>\n\t\t\t<\/a>\n\t\t\t\t\t\t\t<a  data-filter=\"standard-com-cabine-especial\" title=\"De serie con cabina especial\"><h4>De serie con cabina especial<\/h4>\n\t\t\t<\/a>\n\t\t\t\t\t\t<\/div>\n\t\t\t\n\n\t\t\t\t\t\n\t\t\t\t\t<div class=\"subcategories\" data-category-id=\"36\" data-parent-slug=\"bombeiros\">\n\t\t\t\t\t\t<a  data-filter=\"1a-intervencao\" title=\"1\u00aa Intervenci\u00f3n\"><h4>1\u00aa Intervenci\u00f3n<\/h4>\n\t\t\t<\/a>\n\t\t\t\t\t\t\t<a  data-filter=\"florestais\" title=\"Silvicultura\"><h4>Silvicultura<\/h4>\n\t\t\t<\/a>\n\t\t\t\t\t\t\t<a  data-filter=\"ligeiros\" title=\"Ligero\"><h4>Ligero<\/h4>\n\t\t\t<\/a>\n\t\t\t\t\t\t\t<a  data-filter=\"resgate\" title=\"Rescate\"><h4>Rescate<\/h4>\n\t\t\t<\/a>\n\t\t\t\t\t\t\t<a  data-filter=\"urbano\" title=\"Urbano\"><h4>Urbano<\/h4>\n\t\t\t<\/a>\n\t\t\t\t\t\t\t<a  data-filter=\"veiculo-de-grande-capacidade\" title=\"Veh\u00edculo de gran capacidad\"><h4>Veh\u00edculo de gran capacidad<\/h4>\n\t\t\t<\/a>\n\t\t\t\t\t\t<\/div>\n\t\t\t\n\n\t\t\t\t\t\n\t\t\t\t\t\t\t\n\t\t\t\t\t\t\t\n\t\t\t\t\t<div class=\"subcategories\" data-category-id=\"45\" data-parent-slug=\"plataformas\">\n\t\t\t\t\t\t<a  data-filter=\"combate-a-incendios\" title=\"Extinci\u00f3n de incendios\"><h4>Extinci\u00f3n de incendios<\/h4>\n\t\t\t<\/a>\n\t\t\t\t\t\t\t<a  data-filter=\"resgate-e-combate\" title=\"Rescate y combate\"><h4>Rescate y combate<\/h4>\n\t\t\t<\/a>\n\t\t\t\t\t\t<\/div>\n\t\t\t\n\n\t\t\t\t\t\n\t\t\t\t\t\t\t\n\t\t\t\t\t\t\t\n\n\t\n\t\t<div class=\"grid-items-container\"><\/div>\n\t\t\n\n\t\t\t\t\t<\/div>\n\t\t\t\t<\/div>\n\t\t\t\t\t<\/div>\n\t\t<\/div>\n\t\t\t\t\t<\/div>\n\t\t<\/section>\n\t\t\t\t<\/div>","protected":false},"excerpt":{"rendered":"<p>Ve\u00edculos de Combate a Inc\u00eandio TODOS Aeroportos Bombeiros Especiais Industriais Plataformas Pol\u00edcia Chassis Especiais Primeira Interven\u00e7\u00e3o Standard Standard com Cabine Especial 1\u00aa Interven\u00e7\u00e3o Florestais Ligeiros Resgate Urbano Ve\u00edculo de grande capacidade Combate a Inc\u00eandios Resgate e Combate<\/p>","protected":false},"author":1,"featured_media":3220,"parent":0,"menu_order":0,"comment_status":"closed","ping_status":"closed","template":"","meta":{"_acf_changed":false,"inline_featured_image":false,"footnotes":""},"class_list":["post-280","page","type-page","status-publish","has-post-thumbnail","hentry"],"acf":[],"_links":{"self":[{"href":"https:\/\/www.jacinto-lda.com\/es\/wp-json\/wp\/v2\/pages\/280","targetHints":{"allow":["GET"]}}],"collection":[{"href":"https:\/\/www.jacinto-lda.com\/es\/wp-json\/wp\/v2\/pages"}],"about":[{"href":"https:\/\/www.jacinto-lda.com\/es\/wp-json\/wp\/v2\/types\/page"}],"author":[{"embeddable":true,"href":"https:\/\/www.jacinto-lda.com\/es\/wp-json\/wp\/v2\/users\/1"}],"replies":[{"embeddable":true,"href":"https:\/\/www.jacinto-lda.com\/es\/wp-json\/wp\/v2\/comments?post=280"}],"version-history":[{"count":9,"href":"https:\/\/www.jacinto-lda.com\/es\/wp-json\/wp\/v2\/pages\/280\/revisions"}],"predecessor-version":[{"id":3782,"href":"https:\/\/www.jacinto-lda.com\/es\/wp-json\/wp\/v2\/pages\/280\/revisions\/3782"}],"wp:featuredmedia":[{"embeddable":true,"href":"https:\/\/www.jacinto-lda.com\/es\/wp-json\/wp\/v2\/media\/3220"}],"wp:attachment":[{"href":"https:\/\/www.jacinto-lda.com\/es\/wp-json\/wp\/v2\/media?parent=280"}],"curies":[{"name":"wp","href":"https:\/\/api.w.org\/{rel}","templated":true}]}}