{"id":2527,"date":"2023-11-07T17:59:35","date_gmt":"2023-11-07T17:59:35","guid":{"rendered":"https:\/\/www.jacinto-lda.com\/?page_id=2527"},"modified":"2025-11-28T22:50:24","modified_gmt":"2025-11-28T22:50:24","slug":"politica-qasst","status":"publish","type":"page","link":"https:\/\/www.jacinto-lda.com\/es\/politica-qasst\/","title":{"rendered":"Pol\u00edtica QASST"},"content":{"rendered":"<div data-elementor-type=\"wp-page\" data-elementor-id=\"2527\" class=\"elementor elementor-2527\" data-elementor-post-type=\"page\">\n\t\t\t\t\t\t<section class=\"elementor-section elementor-top-section elementor-element elementor-element-d9b7273 elementor-section-boxed elementor-section-height-default elementor-section-height-default\" data-id=\"d9b7273\" data-element_type=\"section\" data-e-type=\"section\">\n\t\t\t\t\t\t<div class=\"elementor-container elementor-column-gap-default\">\n\t\t\t\t\t<div class=\"elementor-column elementor-col-100 elementor-top-column elementor-element elementor-element-12cf539\" data-id=\"12cf539\" data-element_type=\"column\" data-e-type=\"column\">\n\t\t\t<div class=\"elementor-widget-wrap\">\n\t\t\t\t\t\t\t<\/div>\n\t\t<\/div>\n\t\t\t\t\t<\/div>\n\t\t<\/section>\n\t\t\t\t<section class=\"elementor-section elementor-top-section elementor-element elementor-element-0b13f80 elementor-section-boxed elementor-section-height-default elementor-section-height-default\" data-id=\"0b13f80\" data-element_type=\"section\" data-e-type=\"section\">\n\t\t\t\t\t\t<div class=\"elementor-container elementor-column-gap-default\">\n\t\t\t\t\t<div class=\"elementor-column elementor-col-100 elementor-top-column elementor-element elementor-element-beb66d1\" data-id=\"beb66d1\" data-element_type=\"column\" data-e-type=\"column\">\n\t\t\t<div class=\"elementor-widget-wrap elementor-element-populated\">\n\t\t\t\t\t\t<div class=\"elementor-element elementor-element-677cc3a elementor-widget elementor-widget-heading\" data-id=\"677cc3a\" data-element_type=\"widget\" data-e-type=\"widget\" data-widget_type=\"heading.default\">\n\t\t\t\t<div class=\"elementor-widget-container\">\n\t\t\t\t\t<h1 class=\"elementor-heading-title elementor-size-default\">Pol\u00edtica QASST<\/h1>\t\t\t\t<\/div>\n\t\t\t\t<\/div>\n\t\t\t\t<div class=\"elementor-element elementor-element-63a3636 elementor-widget elementor-widget-heading\" data-id=\"63a3636\" data-element_type=\"widget\" data-e-type=\"widget\" data-widget_type=\"heading.default\">\n\t\t\t\t<div class=\"elementor-widget-container\">\n\t\t\t\t\t<h2 class=\"elementor-heading-title elementor-size-default\">POL\u00cdTICA DE CALIDAD, MEDIO AMBIENTE, SEGURIDAD Y SALUD EN EL TRABAJO, INVESTIGACI\u00d3N, DESARROLLO E INNOVACI\u00d3N<\/h2>\t\t\t\t<\/div>\n\t\t\t\t<\/div>\n\t\t\t\t<div class=\"elementor-element elementor-element-fa5cbfd elementor-widget elementor-widget-text-editor\" data-id=\"fa5cbfd\" data-element_type=\"widget\" data-e-type=\"widget\" data-widget_type=\"text-editor.default\">\n\t\t\t\t<div class=\"elementor-widget-container\">\n\t\t\t\t\t\t\t\t\t<p>Dada la competitividad del mercado y la creciente preocupaci\u00f3n por los requisitos de las Partes Interesadas, Jacinto Marques De Oliveira, Sucrs. Lda (Jacinto), considera fundamental la mejora continua de su Sistema de Gesti\u00f3n Integrado de Calidad, Medio Ambiente, Seguridad y Salud en el Trabajo, Investigaci\u00f3n, Desarrollo e Innovaci\u00f3n. Esto implica integrar la Calidad con el respeto por la Seguridad y Salud de sus Trabajadores y por el Medio Ambiente, as\u00ed como reforzar la responsabilidad social, la sostenibilidad y la capacidad innovadora de la organizaci\u00f3n, como un factor clave para prepararla ante los nuevos desaf\u00edos que exigen las nuevas tecnolog\u00edas, los nuevos modelos de negocio y las nuevas tendencias de mercado.<\/p><p>La Calidad, el Medio Ambiente, la Seguridad y Salud de los Trabajadores y la Innovaci\u00f3n de la empresa se consideran prioridades para Jacinto, teniendo en cuenta la participaci\u00f3n de todas las partes interesadas. El Sistema de Gesti\u00f3n Integrado tiene como objetivos generales:<\/p><p>\u2022 Mejora continua de la calidad de sus productos y servicios.<\/p><p>\u2022 Satisfacci\u00f3n de las necesidades y expectativas de las partes interesadas.<\/p><p>\u2022 Mejora de los procesos de trabajo y de la productividad.<\/p><p>\u2022 Mejora de su desempe\u00f1o ambiental con el objetivo de promover la sostenibilidad.<\/p><p>\u2022 Mejora de su desempe\u00f1o en Seguridad y Salud en el Trabajo con el objetivo de proporcionar condiciones de trabajo seguras y saludables, eliminando o reduciendo riesgos para prevenir lesiones y enfermedades profesionales.<\/p><p>\u2022 Promoci\u00f3n de la consulta y participaci\u00f3n de los trabajadores.<\/p><p>\u2022 Reforzamiento de la creatividad e innovaci\u00f3n mediante la inversi\u00f3n en actividades de Investigaci\u00f3n y Desarrollo.<\/p><p>\u2022 Cumplimiento de los requisitos legales y otros aplicables a Jacinto.<\/p><p>\u2022 Cumplimiento de los requisitos de las normas NP EN ISO 9001, NP EN ISO 14001, NP EN ISO 45001; NP 4457.<\/p><p>La Alta Direcci\u00f3n de Jacinto se compromete a promover la implementaci\u00f3n, mantenimiento y mejora del Sistema de Gesti\u00f3n Integrado, bas\u00e1ndose en la formaci\u00f3n, responsabilidad y compromiso de sus colaboradores, proporcionando los recursos necesarios para su funcionamiento y actualizaci\u00f3n.<\/p>\t\t\t\t\t\t\t\t<\/div>\n\t\t\t\t<\/div>\n\t\t\t\t\t<\/div>\n\t\t<\/div>\n\t\t\t\t\t<\/div>\n\t\t<\/section>\n\t\t\t\t<\/div>","protected":false},"excerpt":{"rendered":"<p>Pol\u00edtica QASST POL\u00cdTICA QUALIDADE, AMBIENTE, SEGURAN\u00c7A E SA\u00daDE NO TRABALHO, INVESTIGA\u00c7\u00c3O, DESENVOLVIMENTO E INOVA\u00c7\u00c3O Dada a competitividade do mercado e consequentemente maior preocupa\u00e7\u00e3o com as exig\u00eancias das Partes Interessadas, a Jacinto Marques De Oliveira, Sucrs. Lda (Jacinto), constata ser fundamental a melhoria cont\u00ednua do seu Sistema de Gest\u00e3o Integrado de Qualidade, Ambiente, Seguran\u00e7a e Sa\u00fade [&hellip;]<\/p>\n","protected":false},"author":1,"featured_media":0,"parent":0,"menu_order":0,"comment_status":"closed","ping_status":"closed","template":"","meta":{"_acf_changed":false,"inline_featured_image":false,"footnotes":""},"class_list":["post-2527","page","type-page","status-publish","hentry"],"acf":[],"_links":{"self":[{"href":"https:\/\/www.jacinto-lda.com\/es\/wp-json\/wp\/v2\/pages\/2527","targetHints":{"allow":["GET"]}}],"collection":[{"href":"https:\/\/www.jacinto-lda.com\/es\/wp-json\/wp\/v2\/pages"}],"about":[{"href":"https:\/\/www.jacinto-lda.com\/es\/wp-json\/wp\/v2\/types\/page"}],"author":[{"embeddable":true,"href":"https:\/\/www.jacinto-lda.com\/es\/wp-json\/wp\/v2\/users\/1"}],"replies":[{"embeddable":true,"href":"https:\/\/www.jacinto-lda.com\/es\/wp-json\/wp\/v2\/comments?post=2527"}],"version-history":[{"count":18,"href":"https:\/\/www.jacinto-lda.com\/es\/wp-json\/wp\/v2\/pages\/2527\/revisions"}],"predecessor-version":[{"id":4058,"href":"https:\/\/www.jacinto-lda.com\/es\/wp-json\/wp\/v2\/pages\/2527\/revisions\/4058"}],"wp:attachment":[{"href":"https:\/\/www.jacinto-lda.com\/es\/wp-json\/wp\/v2\/media?parent=2527"}],"curies":[{"name":"wp","href":"https:\/\/api.w.org\/{rel}","templated":true}]}}