{"id":233,"date":"2023-07-07T09:59:51","date_gmt":"2023-07-07T09:59:51","guid":{"rendered":"https:\/\/www.jacinto-lda.com\/?page_id=233"},"modified":"2025-07-19T19:36:26","modified_gmt":"2025-07-19T19:36:26","slug":"formacion","status":"publish","type":"page","link":"https:\/\/www.jacinto-lda.com\/es\/servicios\/formacion\/","title":{"rendered":"Forma\u00e7\u00e3o"},"content":{"rendered":"<div data-elementor-type=\"wp-page\" data-elementor-id=\"233\" class=\"elementor elementor-233\" data-elementor-post-type=\"page\">\n\t\t\t\t\t\t<section class=\"elementor-section elementor-top-section elementor-element elementor-element-b09c5a4 elementor-reverse-tablet elementor-section-boxed elementor-section-height-default elementor-section-height-default\" data-id=\"b09c5a4\" data-element_type=\"section\" data-e-type=\"section\">\n\t\t\t\t\t\t<div class=\"elementor-container elementor-column-gap-default\">\n\t\t\t\t\t<div class=\"elementor-column elementor-col-50 elementor-top-column elementor-element elementor-element-a4e9bff\" data-id=\"a4e9bff\" data-element_type=\"column\" data-e-type=\"column\">\n\t\t\t<div class=\"elementor-widget-wrap elementor-element-populated\">\n\t\t\t\t\t\t<div class=\"elementor-element elementor-element-e8ec127 elementor-widget elementor-widget-heading\" data-id=\"e8ec127\" data-element_type=\"widget\" data-e-type=\"widget\" data-widget_type=\"heading.default\">\n\t\t\t\t<div class=\"elementor-widget-container\">\n\t\t\t\t\t<h2 class=\"elementor-heading-title elementor-size-default\">Servi\u00e7os Jacinto<\/h2>\t\t\t\t<\/div>\n\t\t\t\t<\/div>\n\t\t\t\t<div class=\"elementor-element elementor-element-7ab7e09 elementor-widget elementor-widget-heading\" data-id=\"7ab7e09\" data-element_type=\"widget\" data-e-type=\"widget\" data-widget_type=\"heading.default\">\n\t\t\t\t<div class=\"elementor-widget-container\">\n\t\t\t\t\t<h1 class=\"elementor-heading-title elementor-size-default\">FORMACI\u00d3N<\/h1>\t\t\t\t<\/div>\n\t\t\t\t<\/div>\n\t\t\t\t<div class=\"elementor-element elementor-element-b00d16f elementor-widget elementor-widget-heading\" data-id=\"b00d16f\" data-element_type=\"widget\" data-e-type=\"widget\" data-widget_type=\"heading.default\">\n\t\t\t\t<div class=\"elementor-widget-container\">\n\t\t\t\t\t<h3 class=\"elementor-heading-title elementor-size-default\">Formaci\u00f3n certificada Jacinto<\/h3>\t\t\t\t<\/div>\n\t\t\t\t<\/div>\n\t\t\t\t<div class=\"elementor-element elementor-element-2842c9b elementor-widget elementor-widget-text-editor\" data-id=\"2842c9b\" data-element_type=\"widget\" data-e-type=\"widget\" data-widget_type=\"text-editor.default\">\n\t\t\t\t<div class=\"elementor-widget-container\">\n\t\t\t\t\t\t\t\t\t<p>Jacinto aspira a mejorar continuamente sus productos. Por ello, proporciona informaci\u00f3n t\u00e9cnica a los clientes mediante sesiones de formaci\u00f3n sobre los productos en nuestras instalaciones o en el lugar designado por el cliente.<\/p><p>En estas formaciones proporcionamos al cliente los siguientes documentos:<\/p><p>\u2013 Manual de instrucciones de equipos y veh\u00edculos;<br \/>\u2013 Manual de mantenimiento de equipos y veh\u00edculos;<br \/>\u2013 Diagrama el\u00e9ctrico;<br \/>\u2013 Diagrama Hidr\u00e1ulico;<br \/>\u2013 Disposici\u00f3n del material en el veh\u00edculo;<br \/>\u2013 Manual del fabricante del chasis;<br \/>\u2013Certificados y fichas t\u00e9cnicas de los equipos y sus respectivas garant\u00edas.<\/p><p>Los formadores de Jacinto son t\u00e9cnicos especializados en formaci\u00f3n de bomberos.<\/p>\t\t\t\t\t\t\t\t<\/div>\n\t\t\t\t<\/div>\n\t\t\t\t<div class=\"elementor-element elementor-element-9c9e959 elementor-widget elementor-widget-heading\" data-id=\"9c9e959\" data-element_type=\"widget\" data-e-type=\"widget\" data-widget_type=\"heading.default\">\n\t\t\t\t<div class=\"elementor-widget-container\">\n\t\t\t\t\t<h3 class=\"elementor-heading-title elementor-size-default\"><a href=\"\/jacinto\/wp-content\/uploads\/2023\/11\/Docs-Equador-jacinto.pdf\" target=\"_blank\">Declaraciones\/Certificados de Experiencia<\/a><\/h3>\t\t\t\t<\/div>\n\t\t\t\t<\/div>\n\t\t\t\t<div class=\"elementor-element elementor-element-ce4f973 elementor-widget elementor-widget-heading\" data-id=\"ce4f973\" data-element_type=\"widget\" data-e-type=\"widget\" data-widget_type=\"heading.default\">\n\t\t\t\t<div class=\"elementor-widget-container\">\n\t\t\t\t\t<h3 class=\"elementor-heading-title elementor-size-default\">NUESTROS CURSOS DE FORMACI\u00d3N<\/h3>\t\t\t\t<\/div>\n\t\t\t\t<\/div>\n\t\t\t\t<section class=\"elementor-section elementor-inner-section elementor-element elementor-element-371722d elementor-section-boxed elementor-section-height-default elementor-section-height-default\" data-id=\"371722d\" data-element_type=\"section\" data-e-type=\"section\">\n\t\t\t\t\t\t<div class=\"elementor-container elementor-column-gap-default\">\n\t\t\t\t\t<div class=\"elementor-column elementor-col-50 elementor-inner-column elementor-element elementor-element-c154f5b\" data-id=\"c154f5b\" data-element_type=\"column\" data-e-type=\"column\">\n\t\t\t<div class=\"elementor-widget-wrap elementor-element-populated\">\n\t\t\t\t\t\t<div class=\"elementor-element elementor-element-90718cd servicos-single-label-orcamento elementor-widget elementor-widget-heading\" data-id=\"90718cd\" data-element_type=\"widget\" data-e-type=\"widget\" data-widget_type=\"heading.default\">\n\t\t\t\t<div class=\"elementor-widget-container\">\n\t\t\t\t\t<h3 class=\"elementor-heading-title elementor-size-default\">Lucha contra incendios<\/h3>\t\t\t\t<\/div>\n\t\t\t\t<\/div>\n\t\t\t\t<div class=\"elementor-element elementor-element-2626fee elementor-widget elementor-widget-text-editor\" data-id=\"2626fee\" data-element_type=\"widget\" data-e-type=\"widget\" data-widget_type=\"text-editor.default\">\n\t\t\t\t<div class=\"elementor-widget-container\">\n\t\t\t\t\t\t\t\t\t<p>Pr\u00f3ximamente<\/p>\t\t\t\t\t\t\t\t<\/div>\n\t\t\t\t<\/div>\n\t\t\t\t<div class=\"elementor-element elementor-element-41a053e elementor-align-left elementor-mobile-align-center elementor-widget-mobile__width-initial each-service-btn-fale-connosco elementor-widget elementor-widget-button\" data-id=\"41a053e\" data-element_type=\"widget\" data-e-type=\"widget\" data-widget_type=\"button.default\">\n\t\t\t\t<div class=\"elementor-widget-container\">\n\t\t\t\t\t\t\t\t\t<div class=\"elementor-button-wrapper\">\n\t\t\t\t\t<a class=\"elementor-button elementor-button-link elementor-size-sm\" href=\"\/es\/jacinto\/contacto\/\" title=\"Inscri\u00e7\u00e3o Forma\u00e7\u00f5es\">\n\t\t\t\t\t\t<span class=\"elementor-button-content-wrapper\">\n\t\t\t\t\t\t\t\t\t<span class=\"elementor-button-text\">Suscr\u00edbase<\/span>\n\t\t\t\t\t<\/span>\n\t\t\t\t\t<\/a>\n\t\t\t\t<\/div>\n\t\t\t\t\t\t\t\t<\/div>\n\t\t\t\t<\/div>\n\t\t\t\t\t<\/div>\n\t\t<\/div>\n\t\t\t\t<div class=\"elementor-column elementor-col-50 elementor-inner-column elementor-element elementor-element-90ed9e5\" data-id=\"90ed9e5\" data-element_type=\"column\" data-e-type=\"column\">\n\t\t\t<div class=\"elementor-widget-wrap elementor-element-populated\">\n\t\t\t\t\t\t<div class=\"elementor-element elementor-element-5523bfa servicos-single-label-orcamento elementor-widget elementor-widget-heading\" data-id=\"5523bfa\" data-element_type=\"widget\" data-e-type=\"widget\" data-widget_type=\"heading.default\">\n\t\t\t\t<div class=\"elementor-widget-container\">\n\t\t\t\t\t<h3 class=\"elementor-heading-title elementor-size-default\">Rescate en altura<\/h3>\t\t\t\t<\/div>\n\t\t\t\t<\/div>\n\t\t\t\t<div class=\"elementor-element elementor-element-0662098 elementor-widget elementor-widget-text-editor\" data-id=\"0662098\" data-element_type=\"widget\" data-e-type=\"widget\" data-widget_type=\"text-editor.default\">\n\t\t\t\t<div class=\"elementor-widget-container\">\n\t\t\t\t\t\t\t\t\t<p>Pr\u00f3ximamente<\/p>\t\t\t\t\t\t\t\t<\/div>\n\t\t\t\t<\/div>\n\t\t\t\t<div class=\"elementor-element elementor-element-fb13875 elementor-align-left elementor-mobile-align-center elementor-widget-mobile__width-initial each-service-btn-fale-connosco elementor-widget elementor-widget-button\" data-id=\"fb13875\" data-element_type=\"widget\" data-e-type=\"widget\" data-widget_type=\"button.default\">\n\t\t\t\t<div class=\"elementor-widget-container\">\n\t\t\t\t\t\t\t\t\t<div class=\"elementor-button-wrapper\">\n\t\t\t\t\t<a class=\"elementor-button elementor-button-link elementor-size-sm\" href=\"#elementor-action%3Aaction%3Dpopup%3Aopen%26settings%3DeyJpZCI6IjExNTciLCJ0b2dnbGUiOmZhbHNlfQ%3D%3D\" title=\"Inscri\u00e7\u00e3o Forma\u00e7\u00f5es\">\n\t\t\t\t\t\t<span class=\"elementor-button-content-wrapper\">\n\t\t\t\t\t\t\t\t\t<span class=\"elementor-button-text\">Suscr\u00edbase<\/span>\n\t\t\t\t\t<\/span>\n\t\t\t\t\t<\/a>\n\t\t\t\t<\/div>\n\t\t\t\t\t\t\t\t<\/div>\n\t\t\t\t<\/div>\n\t\t\t\t\t<\/div>\n\t\t<\/div>\n\t\t\t\t\t<\/div>\n\t\t<\/section>\n\t\t\t\t\t<\/div>\n\t\t<\/div>\n\t\t\t\t<div class=\"elementor-column elementor-col-50 elementor-top-column elementor-element elementor-element-0052bd4 set-sticky servicos-column-paralax\" data-id=\"0052bd4\" data-element_type=\"column\" data-e-type=\"column\">\n\t\t\t<div class=\"elementor-widget-wrap elementor-element-populated\">\n\t\t\t\t\t\t<div class=\"elementor-element elementor-element-9a492f6 elementor-widget elementor-widget-image\" data-id=\"9a492f6\" data-element_type=\"widget\" data-e-type=\"widget\" data-widget_type=\"image.default\">\n\t\t\t\t<div class=\"elementor-widget-container\">\n\t\t\t\t\t\t\t\t\t\t\t\t\t\t\t<img fetchpriority=\"high\" decoding=\"async\" width=\"1024\" height=\"1024\" src=\"https:\/\/www.jacinto-lda.com\/wp-content\/uploads\/2024\/02\/Servicos-Jacinto-hp.jpg\" class=\"attachment-large size-large wp-image-3225\" alt=\"Servicios de Formaci\u00f3n Jacinto\" srcset=\"https:\/\/www.jacinto-lda.com\/wp-content\/uploads\/2024\/02\/Servicos-Jacinto-hp.jpg 1024w, https:\/\/www.jacinto-lda.com\/wp-content\/uploads\/2024\/02\/Servicos-Jacinto-hp-300x300.jpg 300w, https:\/\/www.jacinto-lda.com\/wp-content\/uploads\/2024\/02\/Servicos-Jacinto-hp-150x150.jpg 150w, https:\/\/www.jacinto-lda.com\/wp-content\/uploads\/2024\/02\/Servicos-Jacinto-hp-768x768.jpg 768w, https:\/\/www.jacinto-lda.com\/wp-content\/uploads\/2024\/02\/Servicos-Jacinto-hp-12x12.jpg 12w\" sizes=\"(max-width: 1024px) 100vw, 1024px\" \/>\t\t\t\t\t\t\t\t\t\t\t\t\t\t\t<\/div>\n\t\t\t\t<\/div>\n\t\t\t\t<section class=\"elementor-section elementor-inner-section elementor-element elementor-element-cc2a3a2 elementor-section-content-middle elementor-section-boxed elementor-section-height-default elementor-section-height-default\" data-id=\"cc2a3a2\" data-element_type=\"section\" data-e-type=\"section\">\n\t\t\t\t\t\t<div class=\"elementor-container elementor-column-gap-default\">\n\t\t\t\t\t<div class=\"elementor-column elementor-col-50 elementor-inner-column elementor-element elementor-element-8f84c7a\" data-id=\"8f84c7a\" data-element_type=\"column\" data-e-type=\"column\">\n\t\t\t<div class=\"elementor-widget-wrap elementor-element-populated\">\n\t\t\t\t\t\t<div class=\"elementor-element elementor-element-78e12a7 servicos-single-label-orcamento elementor-widget elementor-widget-heading\" data-id=\"78e12a7\" data-element_type=\"widget\" data-e-type=\"widget\" data-widget_type=\"heading.default\">\n\t\t\t\t<div class=\"elementor-widget-container\">\n\t\t\t\t\t<h3 class=\"elementor-heading-title elementor-size-default\">Inscr\u00edbete ahora<\/h3>\t\t\t\t<\/div>\n\t\t\t\t<\/div>\n\t\t\t\t\t<\/div>\n\t\t<\/div>\n\t\t\t\t<div class=\"elementor-column elementor-col-50 elementor-inner-column elementor-element elementor-element-53d26d4 servicos-single-btn-orcamento\" data-id=\"53d26d4\" data-element_type=\"column\" data-e-type=\"column\">\n\t\t\t<div class=\"elementor-widget-wrap elementor-element-populated\">\n\t\t\t\t\t\t<div class=\"elementor-element elementor-element-6fae7e8 elementor-align-right elementor-mobile-align-center elementor-widget-mobile__width-initial each-service-btn-fale-connosco elementor-widget elementor-widget-button\" data-id=\"6fae7e8\" data-element_type=\"widget\" data-e-type=\"widget\" data-widget_type=\"button.default\">\n\t\t\t\t<div class=\"elementor-widget-container\">\n\t\t\t\t\t\t\t\t\t<div class=\"elementor-button-wrapper\">\n\t\t\t\t\t<a class=\"elementor-button elementor-button-link elementor-size-md\" href=\"#elementor-action%3Aaction%3Dpopup%3Aopen%26settings%3DeyJpZCI6IjExNTciLCJ0b2dnbGUiOmZhbHNlfQ%3D%3D\" title=\"Contacto\">\n\t\t\t\t\t\t<span class=\"elementor-button-content-wrapper\">\n\t\t\t\t\t\t\t\t\t<span class=\"elementor-button-text\">HABLE CON NOSOTROS<\/span>\n\t\t\t\t\t<\/span>\n\t\t\t\t\t<\/a>\n\t\t\t\t<\/div>\n\t\t\t\t\t\t\t\t<\/div>\n\t\t\t\t<\/div>\n\t\t\t\t\t<\/div>\n\t\t<\/div>\n\t\t\t\t\t<\/div>\n\t\t<\/section>\n\t\t\t\t\t<\/div>\n\t\t<\/div>\n\t\t\t\t\t<\/div>\n\t\t<\/section>\n\t\t\t\t<\/div>","protected":false},"excerpt":{"rendered":"<p>Servi\u00e7os Jacinto FORMA\u00c7\u00c3O Forma\u00e7\u00e3o Certificada Jacinto A empresa Jacinto visa a melhoria cont\u00ednua dos seus produtos. Assim, disponibiliza informa\u00e7\u00e3o t\u00e9cnica ao cliente, atrav\u00e9s de a\u00e7\u00f5es de forma\u00e7\u00e3o do produto nas nossas instala\u00e7\u00f5es ou em local a designar pelo cliente. Nestas forma\u00e7\u00f5es disponibilizamos ao cliente os seguintes documentos: \u2013 Manual de operac\u0327a\u0303o dos equipamentos e do [&hellip;]<\/p>\n","protected":false},"author":1,"featured_media":3225,"parent":95,"menu_order":0,"comment_status":"closed","ping_status":"closed","template":"","meta":{"_acf_changed":false,"inline_featured_image":false,"footnotes":""},"class_list":["post-233","page","type-page","status-publish","has-post-thumbnail","hentry"],"acf":[],"_links":{"self":[{"href":"https:\/\/www.jacinto-lda.com\/es\/wp-json\/wp\/v2\/pages\/233","targetHints":{"allow":["GET"]}}],"collection":[{"href":"https:\/\/www.jacinto-lda.com\/es\/wp-json\/wp\/v2\/pages"}],"about":[{"href":"https:\/\/www.jacinto-lda.com\/es\/wp-json\/wp\/v2\/types\/page"}],"author":[{"embeddable":true,"href":"https:\/\/www.jacinto-lda.com\/es\/wp-json\/wp\/v2\/users\/1"}],"replies":[{"embeddable":true,"href":"https:\/\/www.jacinto-lda.com\/es\/wp-json\/wp\/v2\/comments?post=233"}],"version-history":[{"count":1,"href":"https:\/\/www.jacinto-lda.com\/es\/wp-json\/wp\/v2\/pages\/233\/revisions"}],"predecessor-version":[{"id":3764,"href":"https:\/\/www.jacinto-lda.com\/es\/wp-json\/wp\/v2\/pages\/233\/revisions\/3764"}],"up":[{"embeddable":true,"href":"https:\/\/www.jacinto-lda.com\/es\/wp-json\/wp\/v2\/pages\/95"}],"wp:featuredmedia":[{"embeddable":true,"href":"https:\/\/www.jacinto-lda.com\/es\/wp-json\/wp\/v2\/media\/3225"}],"wp:attachment":[{"href":"https:\/\/www.jacinto-lda.com\/es\/wp-json\/wp\/v2\/media?parent=233"}],"curies":[{"name":"wp","href":"https:\/\/api.w.org\/{rel}","templated":true}]}}