{"id":232,"date":"2025-07-19T19:27:54","date_gmt":"2025-07-19T19:27:54","guid":{"rendered":"https:\/\/www.jacinto-lda.com\/?page_id=232"},"modified":"2025-07-19T19:27:55","modified_gmt":"2025-07-19T19:27:55","slug":"postventa","status":"publish","type":"page","link":"https:\/\/www.jacinto-lda.com\/es\/servicios\/postventa\/","title":{"rendered":"Servi\u00e7o P\u00f3s-Venda"},"content":{"rendered":"<div data-elementor-type=\"wp-page\" data-elementor-id=\"232\" class=\"elementor elementor-232\" data-elementor-post-type=\"page\">\n\t\t\t\t\t\t<section class=\"elementor-section elementor-top-section elementor-element elementor-element-b09c5a4 elementor-reverse-tablet elementor-section-boxed elementor-section-height-default elementor-section-height-default\" data-id=\"b09c5a4\" data-element_type=\"section\" data-e-type=\"section\">\n\t\t\t\t\t\t<div class=\"elementor-container elementor-column-gap-default\">\n\t\t\t\t\t<div class=\"elementor-column elementor-col-50 elementor-top-column elementor-element elementor-element-a4e9bff\" data-id=\"a4e9bff\" data-element_type=\"column\" data-e-type=\"column\">\n\t\t\t<div class=\"elementor-widget-wrap elementor-element-populated\">\n\t\t\t\t\t\t<div class=\"elementor-element elementor-element-e8ec127 elementor-widget elementor-widget-heading\" data-id=\"e8ec127\" data-element_type=\"widget\" data-e-type=\"widget\" data-widget_type=\"heading.default\">\n\t\t\t\t<div class=\"elementor-widget-container\">\n\t\t\t\t\t<h2 class=\"elementor-heading-title elementor-size-default\">Servi\u00e7os Jacinto<\/h2>\t\t\t\t<\/div>\n\t\t\t\t<\/div>\n\t\t\t\t<div class=\"elementor-element elementor-element-7ab7e09 elementor-widget elementor-widget-heading\" data-id=\"7ab7e09\" data-element_type=\"widget\" data-e-type=\"widget\" data-widget_type=\"heading.default\">\n\t\t\t\t<div class=\"elementor-widget-container\">\n\t\t\t\t\t<h1 class=\"elementor-heading-title elementor-size-default\">POST-VENTA<\/h1>\t\t\t\t<\/div>\n\t\t\t\t<\/div>\n\t\t\t\t<div class=\"elementor-element elementor-element-b00d16f elementor-widget elementor-widget-heading\" data-id=\"b00d16f\" data-element_type=\"widget\" data-e-type=\"widget\" data-widget_type=\"heading.default\">\n\t\t\t\t<div class=\"elementor-widget-container\">\n\t\t\t\t\t<h3 class=\"elementor-heading-title elementor-size-default\">Asistencia Jacinto<\/h3>\t\t\t\t<\/div>\n\t\t\t\t<\/div>\n\t\t\t\t<div class=\"elementor-element elementor-element-2842c9b elementor-widget elementor-widget-text-editor\" data-id=\"2842c9b\" data-element_type=\"widget\" data-e-type=\"widget\" data-widget_type=\"text-editor.default\">\n\t\t\t\t<div class=\"elementor-widget-container\">\n\t\t\t\t\t\t\t\t\t<p>Una vez finalizados los procesos de Licitaci\u00f3n y Orden de Compra, los veh\u00edculos pasan a la fase de Planificaci\u00f3n y Producci\u00f3n. Una vez terminados, se someten a pruebas de calidad y aceptaci\u00f3n. A continuaci\u00f3n, est\u00e1n disponibles para su entrega al cliente.<\/p>\n<p>Todos los productos Jacinto incluyen con su compra formaci\u00f3n certificada por Dgert. Destacamos tambi\u00e9n la posibilidad de que Jacinto imparta formaci\u00f3n certificada en operaci\u00f3n y mantenimiento, seg\u00fan las necesidades del cliente.<\/p>\n<p>En materia de asistencia, Jacinto ofrece una amplia gama de servicios:<\/p>\n<p><em>- Asistencia interna<\/em><br>El contacto ser\u00e1 despu\u00e9s de la venta, la visita se programar\u00e1 de acuerdo a la gravedad y la disponibilidad de la planificaci\u00f3n.<\/p>\n<p><em>- Servicio de informaci\u00f3n 24 horas<\/em><br>Puede ponerse en contacto con nosotros por tel\u00e9fono, correo electr\u00f3nico, redes sociales y p\u00e1gina web.<br>En este punto, se realizar\u00e1 un diagn\u00f3stico de la situaci\u00f3n y se definir\u00e1n los procedimientos a seguir en caso de incidente.<\/p>\n<p><em>- Asistencia m\u00f3vil<\/em><br>Una vez solicitado este tipo de asistencia, pondremos a su disposici\u00f3n una furgoneta m\u00f3vil con dos profesionales capaces de realizar el servicio.<br>Este servicio incurrir\u00e1 en algunos costes adicionales:<br>\u2022 desplazamiento&nbsp;<br>\u2022 trabajo&nbsp;<br>\u2022 consumibles&nbsp;<\/p>\n<p><br><\/p>\t\t\t\t\t\t\t\t<\/div>\n\t\t\t\t<\/div>\n\t\t\t\t\t<\/div>\n\t\t<\/div>\n\t\t\t\t<div class=\"elementor-column elementor-col-50 elementor-top-column elementor-element elementor-element-0052bd4 set-sticky servicos-column-paralax\" data-id=\"0052bd4\" data-element_type=\"column\" data-e-type=\"column\">\n\t\t\t<div class=\"elementor-widget-wrap elementor-element-populated\">\n\t\t\t\t\t\t<div class=\"elementor-element elementor-element-9a492f6 elementor-widget elementor-widget-image\" data-id=\"9a492f6\" data-element_type=\"widget\" data-e-type=\"widget\" data-widget_type=\"image.default\">\n\t\t\t\t<div class=\"elementor-widget-container\">\n\t\t\t\t\t\t\t\t\t\t\t\t\t\t\t<img fetchpriority=\"high\" decoding=\"async\" width=\"961\" height=\"757\" src=\"https:\/\/www.jacinto-lda.com\/wp-content\/uploads\/2023\/07\/Rectangle-7-2.png\" class=\"attachment-large size-large wp-image-98\" alt=\"P\u00f3s Venda Jacinto\" srcset=\"https:\/\/www.jacinto-lda.com\/wp-content\/uploads\/2023\/07\/Rectangle-7-2.png 961w, https:\/\/www.jacinto-lda.com\/wp-content\/uploads\/2023\/07\/Rectangle-7-2-300x236.png 300w, https:\/\/www.jacinto-lda.com\/wp-content\/uploads\/2023\/07\/Rectangle-7-2-768x605.png 768w, https:\/\/www.jacinto-lda.com\/wp-content\/uploads\/2023\/07\/Rectangle-7-2-15x12.png 15w\" sizes=\"(max-width: 961px) 100vw, 961px\" \/>\t\t\t\t\t\t\t\t\t\t\t\t\t\t\t<\/div>\n\t\t\t\t<\/div>\n\t\t\t\t<section class=\"elementor-section elementor-inner-section elementor-element elementor-element-0a3fc3f elementor-section-content-middle elementor-section-boxed elementor-section-height-default elementor-section-height-default\" data-id=\"0a3fc3f\" data-element_type=\"section\" data-e-type=\"section\">\n\t\t\t\t\t\t<div class=\"elementor-container elementor-column-gap-default\">\n\t\t\t\t\t<div class=\"elementor-column elementor-col-50 elementor-inner-column elementor-element elementor-element-987b52d\" data-id=\"987b52d\" data-element_type=\"column\" data-e-type=\"column\">\n\t\t\t<div class=\"elementor-widget-wrap elementor-element-populated\">\n\t\t\t\t\t\t<div class=\"elementor-element elementor-element-3591b34 servicos-single-label-orcamento elementor-widget elementor-widget-heading\" data-id=\"3591b34\" data-element_type=\"widget\" data-e-type=\"widget\" data-widget_type=\"heading.default\">\n\t\t\t\t<div class=\"elementor-widget-container\">\n\t\t\t\t\t<h3 class=\"elementor-heading-title elementor-size-default\">Solicite nuestra asistencia<\/h3>\t\t\t\t<\/div>\n\t\t\t\t<\/div>\n\t\t\t\t\t<\/div>\n\t\t<\/div>\n\t\t\t\t<div class=\"elementor-column elementor-col-50 elementor-inner-column elementor-element elementor-element-2d7adb0 servicos-single-btn-orcamento\" data-id=\"2d7adb0\" data-element_type=\"column\" data-e-type=\"column\">\n\t\t\t<div class=\"elementor-widget-wrap elementor-element-populated\">\n\t\t\t\t\t\t<div class=\"elementor-element elementor-element-381af44 elementor-align-right elementor-mobile-align-center elementor-widget-mobile__width-initial each-service-btn-fale-connosco elementor-widget elementor-widget-button\" data-id=\"381af44\" data-element_type=\"widget\" data-e-type=\"widget\" data-widget_type=\"button.default\">\n\t\t\t\t<div class=\"elementor-widget-container\">\n\t\t\t\t\t\t\t\t\t<div class=\"elementor-button-wrapper\">\n\t\t\t\t\t<a class=\"elementor-button elementor-button-link elementor-size-md\" href=\"#elementor-action%3Aaction%3Dpopup%3Aopen%26settings%3DeyJpZCI6IjExNTEiLCJ0b2dnbGUiOmZhbHNlfQ%3D%3D\" title=\"Contacto\">\n\t\t\t\t\t\t<span class=\"elementor-button-content-wrapper\">\n\t\t\t\t\t\t\t\t\t<span class=\"elementor-button-text\">HABLE CON NOSOTROS<\/span>\n\t\t\t\t\t<\/span>\n\t\t\t\t\t<\/a>\n\t\t\t\t<\/div>\n\t\t\t\t\t\t\t\t<\/div>\n\t\t\t\t<\/div>\n\t\t\t\t\t<\/div>\n\t\t<\/div>\n\t\t\t\t\t<\/div>\n\t\t<\/section>\n\t\t\t\t\t<\/div>\n\t\t<\/div>\n\t\t\t\t\t<\/div>\n\t\t<\/section>\n\t\t\t\t<\/div>","protected":false},"excerpt":{"rendered":"<p>Servi\u00e7os Jacinto P\u00d3S-VENDA Assist\u00eancia Jacinto Uma vez conclu\u00eddos os processos de Proposta e Ordem de Compra, \u00e9 passada ent\u00e3o \u00e0 fase do Planeamento e Produ\u00e7\u00e3o das viaturas. Uma vez conclu\u00eddas, as mesmas s\u00e3o sujeitas a Testes de Qualidade e Aceita\u00e7\u00e3o. Posto isto, estar\u00e3o dispon\u00edveis para entrega ao cliente. Todos os produtos Jacinto incluem, na sua [&hellip;]<\/p>\n","protected":false},"author":1,"featured_media":3304,"parent":95,"menu_order":0,"comment_status":"closed","ping_status":"closed","template":"","meta":{"_acf_changed":false,"inline_featured_image":false,"footnotes":""},"class_list":["post-232","page","type-page","status-publish","has-post-thumbnail","hentry"],"acf":[],"_links":{"self":[{"href":"https:\/\/www.jacinto-lda.com\/es\/wp-json\/wp\/v2\/pages\/232","targetHints":{"allow":["GET"]}}],"collection":[{"href":"https:\/\/www.jacinto-lda.com\/es\/wp-json\/wp\/v2\/pages"}],"about":[{"href":"https:\/\/www.jacinto-lda.com\/es\/wp-json\/wp\/v2\/types\/page"}],"author":[{"embeddable":true,"href":"https:\/\/www.jacinto-lda.com\/es\/wp-json\/wp\/v2\/users\/1"}],"replies":[{"embeddable":true,"href":"https:\/\/www.jacinto-lda.com\/es\/wp-json\/wp\/v2\/comments?post=232"}],"version-history":[{"count":4,"href":"https:\/\/www.jacinto-lda.com\/es\/wp-json\/wp\/v2\/pages\/232\/revisions"}],"predecessor-version":[{"id":3762,"href":"https:\/\/www.jacinto-lda.com\/es\/wp-json\/wp\/v2\/pages\/232\/revisions\/3762"}],"up":[{"embeddable":true,"href":"https:\/\/www.jacinto-lda.com\/es\/wp-json\/wp\/v2\/pages\/95"}],"wp:featuredmedia":[{"embeddable":true,"href":"https:\/\/www.jacinto-lda.com\/es\/wp-json\/wp\/v2\/media\/3304"}],"wp:attachment":[{"href":"https:\/\/www.jacinto-lda.com\/es\/wp-json\/wp\/v2\/media?parent=232"}],"curies":[{"name":"wp","href":"https:\/\/api.w.org\/{rel}","templated":true}]}}