{"id":225,"date":"2023-07-07T09:41:48","date_gmt":"2023-07-07T09:41:48","guid":{"rendered":"https:\/\/www.jacinto-lda.com\/?page_id=225"},"modified":"2025-07-19T15:33:48","modified_gmt":"2025-07-19T15:33:48","slug":"reparaciones","status":"publish","type":"page","link":"https:\/\/www.jacinto-lda.com\/es\/servicios\/reparaciones\/","title":{"rendered":"Repara\u00e7\u00f5es"},"content":{"rendered":"<div data-elementor-type=\"wp-page\" data-elementor-id=\"225\" class=\"elementor elementor-225\" data-elementor-post-type=\"page\">\n\t\t\t\t\t\t<section class=\"elementor-section elementor-top-section elementor-element elementor-element-18bf2a7 elementor-reverse-tablet elementor-section-boxed elementor-section-height-default elementor-section-height-default\" data-id=\"18bf2a7\" data-element_type=\"section\" data-e-type=\"section\">\n\t\t\t\t\t\t<div class=\"elementor-container elementor-column-gap-default\">\n\t\t\t\t\t<div class=\"elementor-column elementor-col-50 elementor-top-column elementor-element elementor-element-fc78dec\" data-id=\"fc78dec\" data-element_type=\"column\" data-e-type=\"column\">\n\t\t\t<div class=\"elementor-widget-wrap elementor-element-populated\">\n\t\t\t\t\t\t<div class=\"elementor-element elementor-element-3d116fb elementor-widget elementor-widget-heading\" data-id=\"3d116fb\" data-element_type=\"widget\" data-e-type=\"widget\" data-widget_type=\"heading.default\">\n\t\t\t\t<div class=\"elementor-widget-container\">\n\t\t\t\t\t<h2 class=\"elementor-heading-title elementor-size-default\">Servi\u00e7os Jacinto<\/h2>\t\t\t\t<\/div>\n\t\t\t\t<\/div>\n\t\t\t\t<div class=\"elementor-element elementor-element-09ba119 elementor-widget elementor-widget-heading\" data-id=\"09ba119\" data-element_type=\"widget\" data-e-type=\"widget\" data-widget_type=\"heading.default\">\n\t\t\t\t<div class=\"elementor-widget-container\">\n\t\t\t\t\t<h1 class=\"elementor-heading-title elementor-size-default\">REPARACIONES<\/h1>\t\t\t\t<\/div>\n\t\t\t\t<\/div>\n\t\t\t\t<div class=\"elementor-element elementor-element-2d41523 elementor-widget elementor-widget-heading\" data-id=\"2d41523\" data-element_type=\"widget\" data-e-type=\"widget\" data-widget_type=\"heading.default\">\n\t\t\t\t<div class=\"elementor-widget-container\">\n\t\t\t\t\t<h3 class=\"elementor-heading-title elementor-size-default\">De lo viejo a lo nuevo<\/h3>\t\t\t\t<\/div>\n\t\t\t\t<\/div>\n\t\t\t\t<div class=\"elementor-element elementor-element-a66f75d elementor-widget elementor-widget-text-editor\" data-id=\"a66f75d\" data-element_type=\"widget\" data-e-type=\"widget\" data-widget_type=\"text-editor.default\">\n\t\t\t\t<div class=\"elementor-widget-container\">\n\t\t\t\t\t\t\t\t\t<p>A trav\u00e9s de una revisi\u00f3n general, Jacinto actualiza r\u00e1pidamente su veh\u00edculo contra incendios bas\u00e1ndose en la \u00faltima tecnolog\u00eda. Desde los sistemas de extinci\u00f3n a\u00e9reos e industriales hasta los veh\u00edculos municipales, pueden equiparse con los equipos de extinci\u00f3n m\u00e1s modernos. Aqu\u00ed tambi\u00e9n se hacen sugerencias individualizadas para conseguir la mejor modernizaci\u00f3n posible de los veh\u00edculos. Tambi\u00e9n destacamos que todas estas actualizaciones y modernizaciones se basan en las \u00faltimas l\u00edneas de productos y tambi\u00e9n reflejan la mejor calidad.<br \/><br \/>Entonces ser\u00e1 posible transformar lo viejo en nuevo:<br \/><br \/>Las marcas de desgaste en la pintura y la carrocer\u00eda son el resultado de a\u00f1os de uso riguroso. Por ello, Jacinto se preocupa de ofrecer una amplia gama de trabajos de renovaci\u00f3n para estos veh\u00edculos y equipamientos. Desde la carrocer\u00eda hasta el chasis, le ofrecemos las mejores soluciones para todas sus necesidades de renovaci\u00f3n de veh\u00edculos.<br \/><br \/>Los nuevos requisitos traen consigo nuevos accesorios:<br \/><br \/>Nos enfrentamos a requisitos que cambian constantemente, lo que tambi\u00e9n significa que tenemos que actualizar constantemente los accesorios incluidos en este tipo de veh\u00edculos. Por ello, Jacinto adapta constantemente los veh\u00edculos: ya sea mediante nuevas torres de extinci\u00f3n e iluminaci\u00f3n, monitores de agua, sistemas de mezcla o incluso dep\u00f3sitos para almacenar nuevos equipos. A continuaci\u00f3n, podemos reorganizar y optimizar los sistemas de almacenamiento de los veh\u00edculos con compartimentos giratorios, espacio para guardar aparatos de respiraci\u00f3n o bandejas deslizantes, con una disposici\u00f3n a\u00fan m\u00e1s funcional. Los armarios tambi\u00e9n pueden convertirse en nuevos equipos.<\/p>\t\t\t\t\t\t\t\t<\/div>\n\t\t\t\t<\/div>\n\t\t\t\t\t<\/div>\n\t\t<\/div>\n\t\t\t\t<div class=\"elementor-column elementor-col-50 elementor-top-column elementor-element elementor-element-921de9d set-sticky servicos-column-paralax\" data-id=\"921de9d\" data-element_type=\"column\" data-e-type=\"column\">\n\t\t\t<div class=\"elementor-widget-wrap elementor-element-populated\">\n\t\t\t\t\t\t<div class=\"elementor-element elementor-element-de757bd elementor-widget elementor-widget-image\" data-id=\"de757bd\" data-element_type=\"widget\" data-e-type=\"widget\" data-widget_type=\"image.default\">\n\t\t\t\t<div class=\"elementor-widget-container\">\n\t\t\t\t\t\t\t\t\t\t\t\t\t\t\t<img fetchpriority=\"high\" decoding=\"async\" width=\"961\" height=\"757\" src=\"https:\/\/www.jacinto-lda.com\/wp-content\/uploads\/2023\/07\/Rectangle-7-1.png\" class=\"attachment-large size-large wp-image-97\" alt=\"Repara\u00e7\u00f5es Jacinto\" srcset=\"https:\/\/www.jacinto-lda.com\/wp-content\/uploads\/2023\/07\/Rectangle-7-1.png 961w, https:\/\/www.jacinto-lda.com\/wp-content\/uploads\/2023\/07\/Rectangle-7-1-300x236.png 300w, https:\/\/www.jacinto-lda.com\/wp-content\/uploads\/2023\/07\/Rectangle-7-1-768x605.png 768w, https:\/\/www.jacinto-lda.com\/wp-content\/uploads\/2023\/07\/Rectangle-7-1-15x12.png 15w\" sizes=\"(max-width: 961px) 100vw, 961px\" \/>\t\t\t\t\t\t\t\t\t\t\t\t\t\t\t<\/div>\n\t\t\t\t<\/div>\n\t\t\t\t<section class=\"elementor-section elementor-inner-section elementor-element elementor-element-5e173e2 elementor-section-content-middle elementor-section-boxed elementor-section-height-default elementor-section-height-default\" data-id=\"5e173e2\" data-element_type=\"section\" data-e-type=\"section\">\n\t\t\t\t\t\t<div class=\"elementor-container elementor-column-gap-default\">\n\t\t\t\t\t<div class=\"elementor-column elementor-col-50 elementor-inner-column elementor-element elementor-element-b21d606\" data-id=\"b21d606\" data-element_type=\"column\" data-e-type=\"column\">\n\t\t\t<div class=\"elementor-widget-wrap elementor-element-populated\">\n\t\t\t\t\t\t<div class=\"elementor-element elementor-element-223d719 servicos-single-label-orcamento elementor-widget elementor-widget-heading\" data-id=\"223d719\" data-element_type=\"widget\" data-e-type=\"widget\" data-widget_type=\"heading.default\">\n\t\t\t\t<div class=\"elementor-widget-container\">\n\t\t\t\t\t<h3 class=\"elementor-heading-title elementor-size-default\">Solicite un presupuesto gratuito<\/h3>\t\t\t\t<\/div>\n\t\t\t\t<\/div>\n\t\t\t\t\t<\/div>\n\t\t<\/div>\n\t\t\t\t<div class=\"elementor-column elementor-col-50 elementor-inner-column elementor-element elementor-element-5c3f739 servicos-single-btn-orcamento\" data-id=\"5c3f739\" data-element_type=\"column\" data-e-type=\"column\">\n\t\t\t<div class=\"elementor-widget-wrap elementor-element-populated\">\n\t\t\t\t\t\t<div class=\"elementor-element elementor-element-406fa47 elementor-align-right elementor-mobile-align-center elementor-widget-mobile__width-initial each-service-btn-fale-connosco elementor-widget elementor-widget-button\" data-id=\"406fa47\" data-element_type=\"widget\" data-e-type=\"widget\" data-widget_type=\"button.default\">\n\t\t\t\t<div class=\"elementor-widget-container\">\n\t\t\t\t\t\t\t\t\t<div class=\"elementor-button-wrapper\">\n\t\t\t\t\t<a class=\"elementor-button elementor-button-link elementor-size-md\" href=\"#elementor-action%3Aaction%3Dpopup%3Aopen%26settings%3DeyJpZCI6IjExMzIiLCJ0b2dnbGUiOmZhbHNlfQ%3D%3D\" title=\"Contacto\">\n\t\t\t\t\t\t<span class=\"elementor-button-content-wrapper\">\n\t\t\t\t\t\t\t\t\t<span class=\"elementor-button-text\">HABLE CON NOSOTROS<\/span>\n\t\t\t\t\t<\/span>\n\t\t\t\t\t<\/a>\n\t\t\t\t<\/div>\n\t\t\t\t\t\t\t\t<\/div>\n\t\t\t\t<\/div>\n\t\t\t\t\t<\/div>\n\t\t<\/div>\n\t\t\t\t\t<\/div>\n\t\t<\/section>\n\t\t\t\t\t<\/div>\n\t\t<\/div>\n\t\t\t\t\t<\/div>\n\t\t<\/section>\n\t\t\t\t<section class=\"elementor-section elementor-top-section elementor-element elementor-element-0a18f1c elementor-section-boxed elementor-section-height-default elementor-section-height-default\" data-id=\"0a18f1c\" data-element_type=\"section\" data-e-type=\"section\">\n\t\t\t\t\t\t<div class=\"elementor-container elementor-column-gap-default\">\n\t\t\t\t\t<div class=\"elementor-column elementor-col-100 elementor-top-column elementor-element elementor-element-63fee47\" data-id=\"63fee47\" data-element_type=\"column\" data-e-type=\"column\">\n\t\t\t<div class=\"elementor-widget-wrap elementor-element-populated\">\n\t\t\t\t\t\t<div class=\"elementor-element elementor-element-61feccc elementor-widget elementor-widget-heading\" data-id=\"61feccc\" data-element_type=\"widget\" data-e-type=\"widget\" data-widget_type=\"heading.default\">\n\t\t\t\t<div class=\"elementor-widget-container\">\n\t\t\t\t\t<h3 class=\"elementor-heading-title elementor-size-default\">De lo viejo a lo nuevo<\/h3>\t\t\t\t<\/div>\n\t\t\t\t<\/div>\n\t\t\t\t<div class=\"elementor-element elementor-element-3c1284a elementor-widget elementor-widget-heading\" data-id=\"3c1284a\" data-element_type=\"widget\" data-e-type=\"widget\" data-widget_type=\"heading.default\">\n\t\t\t\t<div class=\"elementor-widget-container\">\n\t\t\t\t\t<h2 class=\"elementor-heading-title elementor-size-default\">Compruebe algunas de nuestras reparaciones<\/h2>\t\t\t\t<\/div>\n\t\t\t\t<\/div>\n\t\t\t\t<div class=\"elementor-element elementor-element-933c939 elementor-widget__width-initial elementor-widget elementor-widget-text-editor\" data-id=\"933c939\" data-element_type=\"widget\" data-e-type=\"widget\" data-widget_type=\"text-editor.default\">\n\t\t\t\t<div class=\"elementor-widget-container\">\n\t\t\t\t\t\t\t\t\t<p>Jacinto Marques de Oliveira Sucrs Lda es el \u00fanico fabricante portugu\u00e9s de Veh\u00edculos Contra Incendios certificado por todas las marcas de chasis para realizar conversiones especiales.<\/p>\t\t\t\t\t\t\t\t<\/div>\n\t\t\t\t<\/div>\n\t\t\t\t\t<\/div>\n\t\t<\/div>\n\t\t\t\t\t<\/div>\n\t\t<\/section>\n\t\t\t\t<section class=\"elementor-section elementor-top-section elementor-element elementor-element-4f83f73 elementor-section-boxed elementor-section-height-default elementor-section-height-default\" data-id=\"4f83f73\" data-element_type=\"section\" data-e-type=\"section\">\n\t\t\t\t\t\t<div class=\"elementor-container elementor-column-gap-wide\">\n\t\t\t\t\t<div class=\"elementor-column elementor-col-33 elementor-top-column elementor-element elementor-element-a76c5ba\" data-id=\"a76c5ba\" data-element_type=\"column\" data-e-type=\"column\">\n\t\t\t<div class=\"elementor-widget-wrap elementor-element-populated\">\n\t\t\t\t\t\t<div class=\"elementor-element elementor-element-0e4173a elementor-widget elementor-widget-text-editor\" data-id=\"0e4173a\" data-element_type=\"widget\" data-e-type=\"widget\" data-widget_type=\"text-editor.default\">\n\t\t\t\t<div class=\"elementor-widget-container\">\n\t\t\t\t\t\t\t\t\t<p>\n\t\t\t\n\t<style type=\"text\/css\">\n\t\t.slider-info-2860.bafg-slider-info .bafg-slider-title {\n\t\t\t\t\t\t\tfont-size:\n\t\t\t\t\t18px\t\t\t\t;\n\t\t\t\n\t\t\t\t\t\t\tcolor:\n\t\t\t\t\t#fe0000\t\t\t\t;\n\t\t\t\n\t\t\t\t\t}\n\n\t\t.slider-info-2860.bafg-slider-info .bafg-slider-description {\n\t\t\t\n\t\t\t\n\t\t\t\t\t}\n\t\t\n\t\t\n\t\t.slider-info-2860.bafg-slider-info .bafg_slider_readmore_button {\n\t\t\t\n\t\t\t\n\t\t\t\n\t\t\t\n\t\t\t\n\t\t\ttext-align: center;\n\n\t\t\t\n\t\t\t\n\t\t\t\n\t\t\t\n\t\t\t\t\t}\n\n\t\t.slider-info-2860.bafg-slider-info .bafg_slider_readmore_button:hover {\n\n\t\t\t\n\t\t\t\n\t\t\t\t\t}\n\t<\/style>\n\t\n\t\t\t<div class=\"bafg-twentytwenty-container slider-2860\"\n\t\t\t\tbafg-orientation=\"horizontal\" bafg-default-offset=\"0.5\"\n\t\t\t\tbafg-before-label=\"Antes\"\n\t\t\t\tbafg-after-label=\"Depois\" bafg-overlay=\"1\"\n\t\t\t\tbafg-move-slider-on-hover=\"\"\n\t\t\t\tbafg-click-to-move=\"\">\n\n\t\t\t\t\t\t\t\t<img class=\"skip-lazy\" data-skip-lazy\t\t\t\t\tsrc=\"https:\/\/www.jacinto-lda.com\/wp-content\/uploads\/2023\/11\/Antes-Amadora.jpg\" alt=\"\">\n\t\t\t\t<img class=\"skip-lazy\" data-skip-lazy\t\t\t\t\tsrc=\"https:\/\/www.jacinto-lda.com\/wp-content\/uploads\/2023\/11\/Depois-Amadora.jpg\" alt=\"\">\n\n\t\t\t<\/div>\n\n\t\t\t\t<div class=\"bafg-slider-info-wraper\">\n\t\t<div style=\"\" class=\"slider-info-2860 bafg-slider-info\">\n\t\t\t\t\t\t\t<h2 class=\"bafg-slider-title\">Reparaci\u00f3n de veh\u00edculos urbanos<\/h2>\n\t\t\t\t\t\t<\/div>\n\t<\/div>\n\t\n\t\t\t<style type=\"text\/css\">\n\t\t\t\t\t\t\t\t\t\t\t<\/style>\n\t\t\t<\/p>\t\t\t\t\t\t\t\t<\/div>\n\t\t\t\t<\/div>\n\t\t\t\t\t<\/div>\n\t\t<\/div>\n\t\t\t\t<div class=\"elementor-column elementor-col-33 elementor-top-column elementor-element elementor-element-2f1fe67\" data-id=\"2f1fe67\" data-element_type=\"column\" data-e-type=\"column\">\n\t\t\t<div class=\"elementor-widget-wrap elementor-element-populated\">\n\t\t\t\t\t\t<div class=\"elementor-element elementor-element-62a35c6 elementor-widget elementor-widget-text-editor\" data-id=\"62a35c6\" data-element_type=\"widget\" data-e-type=\"widget\" data-widget_type=\"text-editor.default\">\n\t\t\t\t<div class=\"elementor-widget-container\">\n\t\t\t\t\t\t\t\t\t<p>\n\t\t\t\n\t<style type=\"text\/css\">\n\t\t.slider-info-3358.bafg-slider-info .bafg-slider-title {\n\t\t\t\t\t\t\tfont-size:\n\t\t\t\t\t18px\t\t\t\t;\n\t\t\t\n\t\t\t\t\t\t\tcolor:\n\t\t\t\t\t#fe0000\t\t\t\t;\n\t\t\t\n\t\t\t\t\t}\n\n\t\t.slider-info-3358.bafg-slider-info .bafg-slider-description {\n\t\t\t\n\t\t\t\n\t\t\t\t\t}\n\t\t\n\t\t\n\t\t.slider-info-3358.bafg-slider-info .bafg_slider_readmore_button {\n\t\t\t\n\t\t\t\n\t\t\t\n\t\t\t\n\t\t\t\n\t\t\ttext-align: center;\n\n\t\t\t\n\t\t\t\n\t\t\t\n\t\t\t\n\t\t\t\t\t}\n\n\t\t.slider-info-3358.bafg-slider-info .bafg_slider_readmore_button:hover {\n\n\t\t\t\n\t\t\t\n\t\t\t\t\t}\n\t<\/style>\n\t\n\t\t\t<div class=\"bafg-twentytwenty-container slider-3358\"\n\t\t\t\tbafg-orientation=\"horizontal\" bafg-default-offset=\"0.5\"\n\t\t\t\tbafg-before-label=\"Antes\"\n\t\t\t\tbafg-after-label=\"Depois\" bafg-overlay=\"1\"\n\t\t\t\tbafg-move-slider-on-hover=\"\"\n\t\t\t\tbafg-click-to-move=\"\">\n\n\t\t\t\t\t\t\t\t<img class=\"skip-lazy\" data-skip-lazy\t\t\t\t\tsrc=\"https:\/\/www.jacinto-lda.com\/wp-content\/uploads\/2023\/11\/Antes-vouzela.jpg\" alt=\"\">\n\t\t\t\t<img class=\"skip-lazy\" data-skip-lazy\t\t\t\t\tsrc=\"https:\/\/www.jacinto-lda.com\/wp-content\/uploads\/2023\/11\/Depois-vouzela.jpg\" alt=\"\">\n\n\t\t\t<\/div>\n\n\t\t\t\t<div class=\"bafg-slider-info-wraper\">\n\t\t<div style=\"\" class=\"slider-info-3358 bafg-slider-info\">\n\t\t\t\t\t\t\t<h2 class=\"bafg-slider-title\">Reparaci\u00f3n de veh\u00edculos especiales<\/h2>\n\t\t\t\t\t\t<\/div>\n\t<\/div>\n\t\n\t\t\t<style type=\"text\/css\">\n\t\t\t\t\t\t\t\t\t\t\t<\/style>\n\t\t\t<\/p>\t\t\t\t\t\t\t\t<\/div>\n\t\t\t\t<\/div>\n\t\t\t\t\t<\/div>\n\t\t<\/div>\n\t\t\t\t<div class=\"elementor-column elementor-col-33 elementor-top-column elementor-element elementor-element-44cd328\" data-id=\"44cd328\" data-element_type=\"column\" data-e-type=\"column\">\n\t\t\t<div class=\"elementor-widget-wrap elementor-element-populated\">\n\t\t\t\t\t\t<div class=\"elementor-element elementor-element-c79aba2 elementor-widget elementor-widget-text-editor\" data-id=\"c79aba2\" data-element_type=\"widget\" data-e-type=\"widget\" data-widget_type=\"text-editor.default\">\n\t\t\t\t<div class=\"elementor-widget-container\">\n\t\t\t\t\t\t\t\t\t<p>\n\t\t\t\n\t<style type=\"text\/css\">\n\t\t.slider-info-2848.bafg-slider-info .bafg-slider-title {\n\t\t\t\t\t\t\tfont-size:\n\t\t\t\t\t18px\t\t\t\t;\n\t\t\t\n\t\t\t\t\t\t\tcolor:\n\t\t\t\t\t#fe0000\t\t\t\t;\n\t\t\t\n\t\t\t\t\t}\n\n\t\t.slider-info-2848.bafg-slider-info .bafg-slider-description {\n\t\t\t\n\t\t\t\n\t\t\t\t\t}\n\t\t\n\t\t\n\t\t.slider-info-2848.bafg-slider-info .bafg_slider_readmore_button {\n\t\t\t\n\t\t\t\n\t\t\t\n\t\t\t\n\t\t\t\n\t\t\ttext-align: center;\n\n\t\t\t\n\t\t\t\n\t\t\t\n\t\t\t\n\t\t\t\t\t}\n\n\t\t.slider-info-2848.bafg-slider-info .bafg_slider_readmore_button:hover {\n\n\t\t\t\n\t\t\t\n\t\t\t\t\t}\n\t<\/style>\n\t\n\t\t\t<div class=\"bafg-twentytwenty-container slider-2848\"\n\t\t\t\tbafg-orientation=\"horizontal\" bafg-default-offset=\"0.5\"\n\t\t\t\tbafg-before-label=\"Antes\"\n\t\t\t\tbafg-after-label=\"Depois\" bafg-overlay=\"1\"\n\t\t\t\tbafg-move-slider-on-hover=\"\"\n\t\t\t\tbafg-click-to-move=\"\">\n\n\t\t\t\t\t\t\t\t<img class=\"skip-lazy\" data-skip-lazy\t\t\t\t\tsrc=\"https:\/\/www.jacinto-lda.com\/wp-content\/uploads\/2023\/11\/VFCI-antes.jpg\" alt=\"\">\n\t\t\t\t<img class=\"skip-lazy\" data-skip-lazy\t\t\t\t\tsrc=\"https:\/\/www.jacinto-lda.com\/wp-content\/uploads\/2023\/11\/VFCI-depois.jpg\" alt=\"\">\n\n\t\t\t<\/div>\n\n\t\t\t\t<div class=\"bafg-slider-info-wraper\">\n\t\t<div style=\"\" class=\"slider-info-2848 bafg-slider-info\">\n\t\t\t\t\t\t\t<h2 class=\"bafg-slider-title\">Reparaci\u00f3n de veh\u00edculos forestales<\/h2>\n\t\t\t\t\t\t<\/div>\n\t<\/div>\n\t\n\t\t\t<style type=\"text\/css\">\n\t\t\t\t\t\t\t\t\t\t\t<\/style>\n\t\t\t<\/p>\t\t\t\t\t\t\t\t<\/div>\n\t\t\t\t<\/div>\n\t\t\t\t\t<\/div>\n\t\t<\/div>\n\t\t\t\t\t<\/div>\n\t\t<\/section>\n\t\t\t\t<\/div>","protected":false},"excerpt":{"rendered":"<p>Servi\u00e7os Jacinto REPARA\u00c7\u00d5ES De velho para novo Atrav\u00e9s de uma revis\u00e3o geral, a Jacinto atualiza de forma r\u00e1pida o seu ve\u00edculo de combate a inc\u00eandio, baseando-se na mais recente tecnologia. Desde os sistemas de combate a acidentes a\u00e9reos e industriais, aos ve\u00edculos municipais, estes podem ser equipados com os mais recentes equipamentos necess\u00e1rios ao combate [&hellip;]<\/p>\n","protected":false},"author":1,"featured_media":3101,"parent":95,"menu_order":0,"comment_status":"closed","ping_status":"closed","template":"","meta":{"_acf_changed":false,"inline_featured_image":false,"footnotes":""},"class_list":["post-225","page","type-page","status-publish","has-post-thumbnail","hentry"],"acf":[],"_links":{"self":[{"href":"https:\/\/www.jacinto-lda.com\/es\/wp-json\/wp\/v2\/pages\/225","targetHints":{"allow":["GET"]}}],"collection":[{"href":"https:\/\/www.jacinto-lda.com\/es\/wp-json\/wp\/v2\/pages"}],"about":[{"href":"https:\/\/www.jacinto-lda.com\/es\/wp-json\/wp\/v2\/types\/page"}],"author":[{"embeddable":true,"href":"https:\/\/www.jacinto-lda.com\/es\/wp-json\/wp\/v2\/users\/1"}],"replies":[{"embeddable":true,"href":"https:\/\/www.jacinto-lda.com\/es\/wp-json\/wp\/v2\/comments?post=225"}],"version-history":[{"count":3,"href":"https:\/\/www.jacinto-lda.com\/es\/wp-json\/wp\/v2\/pages\/225\/revisions"}],"predecessor-version":[{"id":3757,"href":"https:\/\/www.jacinto-lda.com\/es\/wp-json\/wp\/v2\/pages\/225\/revisions\/3757"}],"up":[{"embeddable":true,"href":"https:\/\/www.jacinto-lda.com\/es\/wp-json\/wp\/v2\/pages\/95"}],"wp:featuredmedia":[{"embeddable":true,"href":"https:\/\/www.jacinto-lda.com\/es\/wp-json\/wp\/v2\/media\/3101"}],"wp:attachment":[{"href":"https:\/\/www.jacinto-lda.com\/es\/wp-json\/wp\/v2\/media?parent=225"}],"curies":[{"name":"wp","href":"https:\/\/api.w.org\/{rel}","templated":true}]}}