{"id":1613,"date":"2023-07-14T11:08:38","date_gmt":"2023-07-14T11:08:38","guid":{"rendered":"https:\/\/www.jacinto-lda.com\/?page_id=1613"},"modified":"2024-04-01T09:31:25","modified_gmt":"2024-04-01T09:31:25","slug":"canal-de-denuncias","status":"publish","type":"page","link":"https:\/\/www.jacinto-lda.com\/es\/canal-de-denuncias\/","title":{"rendered":"Canal de Den\u00fancias"},"content":{"rendered":"<div data-elementor-type=\"wp-page\" data-elementor-id=\"1613\" class=\"elementor elementor-1613\" data-elementor-post-type=\"page\">\n\t\t\t\t\t\t<section class=\"elementor-section elementor-top-section elementor-element elementor-element-d9b7273 elementor-section-boxed elementor-section-height-default elementor-section-height-default\" data-id=\"d9b7273\" data-element_type=\"section\" data-e-type=\"section\">\n\t\t\t\t\t\t<div class=\"elementor-container elementor-column-gap-default\">\n\t\t\t\t\t<div class=\"elementor-column elementor-col-100 elementor-top-column elementor-element elementor-element-12cf539\" data-id=\"12cf539\" data-element_type=\"column\" data-e-type=\"column\">\n\t\t\t<div class=\"elementor-widget-wrap\">\n\t\t\t\t\t\t\t<\/div>\n\t\t<\/div>\n\t\t\t\t\t<\/div>\n\t\t<\/section>\n\t\t\t\t<section class=\"elementor-section elementor-top-section elementor-element elementor-element-0b13f80 elementor-section-boxed elementor-section-height-default elementor-section-height-default\" data-id=\"0b13f80\" data-element_type=\"section\" data-e-type=\"section\">\n\t\t\t\t\t\t<div class=\"elementor-container elementor-column-gap-default\">\n\t\t\t\t\t<div class=\"elementor-column elementor-col-100 elementor-top-column elementor-element elementor-element-beb66d1\" data-id=\"beb66d1\" data-element_type=\"column\" data-e-type=\"column\">\n\t\t\t<div class=\"elementor-widget-wrap elementor-element-populated\">\n\t\t\t\t\t\t<div class=\"elementor-element elementor-element-63a3636 elementor-widget elementor-widget-heading\" data-id=\"63a3636\" data-element_type=\"widget\" data-e-type=\"widget\" data-widget_type=\"heading.default\">\n\t\t\t\t<div class=\"elementor-widget-container\">\n\t\t\t\t\t<h2 class=\"elementor-heading-title elementor-size-default\">Informaci\u00f3n<\/h2>\t\t\t\t<\/div>\n\t\t\t\t<\/div>\n\t\t\t\t<div class=\"elementor-element elementor-element-677cc3a elementor-widget elementor-widget-heading\" data-id=\"677cc3a\" data-element_type=\"widget\" data-e-type=\"widget\" data-widget_type=\"heading.default\">\n\t\t\t\t<div class=\"elementor-widget-container\">\n\t\t\t\t\t<h1 class=\"elementor-heading-title elementor-size-default\">Canal de denuncias<\/h1>\t\t\t\t<\/div>\n\t\t\t\t<\/div>\n\t\t\t\t\t<\/div>\n\t\t<\/div>\n\t\t\t\t\t<\/div>\n\t\t<\/section>\n\t\t\t\t<section class=\"elementor-section elementor-top-section elementor-element elementor-element-4288379 elementor-section-boxed elementor-section-height-default elementor-section-height-default\" data-id=\"4288379\" data-element_type=\"section\" data-e-type=\"section\">\n\t\t\t\t\t\t<div class=\"elementor-container elementor-column-gap-default\">\n\t\t\t\t\t<div class=\"elementor-column elementor-col-100 elementor-top-column elementor-element elementor-element-f5ad59b\" data-id=\"f5ad59b\" data-element_type=\"column\" data-e-type=\"column\">\n\t\t\t<div class=\"elementor-widget-wrap elementor-element-populated\">\n\t\t\t\t\t\t<div class=\"elementor-element elementor-element-ceb1e8e white-links elementor-widget elementor-widget-text-editor\" data-id=\"ceb1e8e\" data-element_type=\"widget\" data-e-type=\"widget\" data-widget_type=\"text-editor.default\">\n\t\t\t\t<div class=\"elementor-widget-container\">\n\t\t\t\t\t\t\t\t\t<p>Jacinto Marques de Oliveira, Sucrs., Lda. dispone de un Canal de Denuncias de conformidad con la Ley n\u00ba 93\/2021 (Norma de transposici\u00f3n de la Directiva de la Uni\u00f3n Europea 2019\/1937 - Ley de Denuncias).<\/p><p>El Canal de Denuncias sirve como mecanismo interno de la empresa para gestionar y analizar las pr\u00e1cticas, actuaciones o hechos denunciados por agentes internos o externos que sean contrarios a la legislaci\u00f3n nacional o comunitaria, en los siguientes \u00e1mbitos:<\/p><p>\u2013 pr\u00e1cticas de contrataci\u00f3n;<\/p><p>\u2013 productos y\/o servicios (conformidad, seguridad y protecci\u00f3n de los consumidores);<\/p><p>\u2013 financiera y econ\u00f3mica;<\/p><p>\u2013 la protecci\u00f3n del medio ambiente y la salud p\u00fablica;<\/p><p>\u2013 protecci\u00f3n de la intimidad, los datos personales y las redes y sistemas de informaci\u00f3n;<\/p><p>Las quejas deben incluir tantos detalles e informaci\u00f3n como sea posible y, siempre que sea posible, estar respaldadas por documentaci\u00f3n. En funci\u00f3n del contenido de cada denuncia, podr\u00e1n solicitarse elementos e informaci\u00f3n adicionales sobre la situaci\u00f3n.<\/p><p>Los informes pueden ser realizados por:<\/p><p>\u2013 Trabajadores o antiguos trabajadores;<\/p><p>\u2013 Proveedores de servicios;<\/p><p>\u2013 Proveedores y\/o sus trabajadores;<\/p><p>\u2013 Miembros de \u00f3rganos estatutarios;<\/p><p>\u2013 Becarios;<\/p><p>\u2013 Demandantes de empleo;<\/p><p>Se garantiza la confidencialidad y el anonimato del denunciante hasta el momento en que la informaci\u00f3n sea fundamental para investigaciones internas o procedimientos judiciales. Todas las denuncias deben hacerse por motivos razonables y de buena fe. Est\u00e1n prohibidos los actos de represalia contra el denunciante.<\/p><p>Procedimiento de denuncia<br \/>Env\u00ede la comunicaci\u00f3n a una de las siguientes direcciones<br \/>\u2013 Correo electr\u00f3nico: whistleblowing@jacinto-lda.com<\/p><p>O<\/p><p>\u2013 Comunicaci\u00f3n por correo a Avenida dos Correios, n.\u00ba191 - Apartado 47 3885-410 Esmoriz<\/p><p>El proceso de seguimiento de la denuncia:<\/p><p>\u2013 en un plazo de 7 d\u00edas: notificaci\u00f3n confirmando la recepci\u00f3n de la denuncia;<\/p><p>\u2013 en un plazo de 3 meses: comunicaci\u00f3n de la conclusi\u00f3n, los motivos y, en su caso, las medidas previstas\/adoptadas a ra\u00edz de la denuncia;<\/p><p>\u2013 en un plazo de 15 d\u00edas a partir de la finalizaci\u00f3n: (si el denunciante lo solicita) comunicaci\u00f3n de los resultados de las investigaciones realizadas;<\/p><p>El registro de reclamaciones se conservar\u00e1 durante un periodo de 5 a\u00f1os o durante el transcurso de cualquier procedimiento judicial o administrativo.\u00a0<\/p>\t\t\t\t\t\t\t\t<\/div>\n\t\t\t\t<\/div>\n\t\t\t\t\t<\/div>\n\t\t<\/div>\n\t\t\t\t\t<\/div>\n\t\t<\/section>\n\t\t\t\t<\/div>","protected":false},"excerpt":{"rendered":"<p>Informa\u00e7\u00e3o Canal de den\u00fancias A Jacinto Marques de Oliveira, Sucrs., Lda. disp\u00f5e de um Canal de Den\u00fancias de acordo com a Lei n.\u00ba 93\/2021 (Norma que transp\u00f5e a Diretiva da Uni\u00e3o Europeia 2019\/1937 \u2013 Lei do Whistleblowing). O Canal de Den\u00fancias serve como mecanismo interno da empresa para gest\u00e3o e an\u00e1lise de pr\u00e1ticas, a\u00e7\u00f5es ou [&hellip;]<\/p>\n","protected":false},"author":1,"featured_media":0,"parent":0,"menu_order":0,"comment_status":"closed","ping_status":"closed","template":"","meta":{"_acf_changed":false,"inline_featured_image":false,"footnotes":""},"class_list":["post-1613","page","type-page","status-publish","hentry"],"acf":[],"_links":{"self":[{"href":"https:\/\/www.jacinto-lda.com\/es\/wp-json\/wp\/v2\/pages\/1613","targetHints":{"allow":["GET"]}}],"collection":[{"href":"https:\/\/www.jacinto-lda.com\/es\/wp-json\/wp\/v2\/pages"}],"about":[{"href":"https:\/\/www.jacinto-lda.com\/es\/wp-json\/wp\/v2\/types\/page"}],"author":[{"embeddable":true,"href":"https:\/\/www.jacinto-lda.com\/es\/wp-json\/wp\/v2\/users\/1"}],"replies":[{"embeddable":true,"href":"https:\/\/www.jacinto-lda.com\/es\/wp-json\/wp\/v2\/comments?post=1613"}],"version-history":[{"count":0,"href":"https:\/\/www.jacinto-lda.com\/es\/wp-json\/wp\/v2\/pages\/1613\/revisions"}],"wp:attachment":[{"href":"https:\/\/www.jacinto-lda.com\/es\/wp-json\/wp\/v2\/media?parent=1613"}],"curies":[{"name":"wp","href":"https:\/\/api.w.org\/{rel}","templated":true}]}}