{"id":2553,"date":"2023-11-07T18:16:02","date_gmt":"2023-11-07T18:16:02","guid":{"rendered":"https:\/\/www.jacinto-lda.com\/?page_id=2553"},"modified":"2023-11-08T09:58:29","modified_gmt":"2023-11-08T09:58:29","slug":"sustentabilidade-un-global-goals","status":"publish","type":"page","link":"https:\/\/www.jacinto-lda.com\/en\/sustentabilidade-un-global-goals\/","title":{"rendered":"Sustentabilidade \u2013 UN Global Goals"},"content":{"rendered":"<div data-elementor-type=\"wp-page\" data-elementor-id=\"2553\" class=\"elementor elementor-2553\" data-elementor-post-type=\"page\">\n\t\t\t\t\t\t<section class=\"elementor-section elementor-top-section elementor-element elementor-element-d9b7273 elementor-section-boxed elementor-section-height-default elementor-section-height-default\" data-id=\"d9b7273\" data-element_type=\"section\" data-e-type=\"section\">\n\t\t\t\t\t\t<div class=\"elementor-container elementor-column-gap-default\">\n\t\t\t\t\t<div class=\"elementor-column elementor-col-100 elementor-top-column elementor-element elementor-element-12cf539\" data-id=\"12cf539\" data-element_type=\"column\" data-e-type=\"column\">\n\t\t\t<div class=\"elementor-widget-wrap\">\n\t\t\t\t\t\t\t<\/div>\n\t\t<\/div>\n\t\t\t\t\t<\/div>\n\t\t<\/section>\n\t\t\t\t<section class=\"elementor-section elementor-top-section elementor-element elementor-element-0b13f80 elementor-section-boxed elementor-section-height-default elementor-section-height-default\" data-id=\"0b13f80\" data-element_type=\"section\" data-e-type=\"section\">\n\t\t\t\t\t\t<div class=\"elementor-container elementor-column-gap-default\">\n\t\t\t\t\t<div class=\"elementor-column elementor-col-100 elementor-top-column elementor-element elementor-element-beb66d1\" data-id=\"beb66d1\" data-element_type=\"column\" data-e-type=\"column\">\n\t\t\t<div class=\"elementor-widget-wrap elementor-element-populated\">\n\t\t\t\t\t\t<div class=\"elementor-element elementor-element-677cc3a elementor-widget elementor-widget-heading\" data-id=\"677cc3a\" data-element_type=\"widget\" data-e-type=\"widget\" data-widget_type=\"heading.default\">\n\t\t\t\t<div class=\"elementor-widget-container\">\n\t\t\t\t\t<h1 class=\"elementor-heading-title elementor-size-default\">UN GLOBAL GOALS<\/h1>\t\t\t\t<\/div>\n\t\t\t\t<\/div>\n\t\t\t\t<div class=\"elementor-element elementor-element-63a3636 elementor-widget elementor-widget-heading\" data-id=\"63a3636\" data-element_type=\"widget\" data-e-type=\"widget\" data-widget_type=\"heading.default\">\n\t\t\t\t<div class=\"elementor-widget-container\">\n\t\t\t\t\t<h2 class=\"elementor-heading-title elementor-size-default\">Sustainability<\/h2>\t\t\t\t<\/div>\n\t\t\t\t<\/div>\n\t\t\t\t<section class=\"elementor-section elementor-inner-section elementor-element elementor-element-e6ffa78 elementor-section-content-middle elementor-section-boxed elementor-section-height-default elementor-section-height-default\" data-id=\"e6ffa78\" data-element_type=\"section\" data-e-type=\"section\">\n\t\t\t\t\t\t<div class=\"elementor-container elementor-column-gap-default\">\n\t\t\t\t\t<div class=\"elementor-column elementor-col-50 elementor-inner-column elementor-element elementor-element-9354aca\" data-id=\"9354aca\" data-element_type=\"column\" data-e-type=\"column\">\n\t\t\t<div class=\"elementor-widget-wrap elementor-element-populated\">\n\t\t\t\t\t\t<div class=\"elementor-element elementor-element-7e8bf29 elementor-widget__width-auto elementor-widget elementor-widget-image\" data-id=\"7e8bf29\" data-element_type=\"widget\" data-e-type=\"widget\" data-widget_type=\"image.default\">\n\t\t\t\t<div class=\"elementor-widget-container\">\n\t\t\t\t\t\t\t\t\t\t\t\t\t\t\t<img fetchpriority=\"high\" decoding=\"async\" width=\"520\" height=\"208\" src=\"https:\/\/www.jacinto-lda.com\/wp-content\/uploads\/2023\/07\/Rectangle-27.png\" class=\"attachment-large size-large wp-image-253\" alt=\"The global goals\" srcset=\"https:\/\/www.jacinto-lda.com\/wp-content\/uploads\/2023\/07\/Rectangle-27.png 520w, https:\/\/www.jacinto-lda.com\/wp-content\/uploads\/2023\/07\/Rectangle-27-300x120.png 300w, https:\/\/www.jacinto-lda.com\/wp-content\/uploads\/2023\/07\/Rectangle-27-18x7.png 18w\" sizes=\"(max-width: 520px) 100vw, 520px\" \/>\t\t\t\t\t\t\t\t\t\t\t\t\t\t\t<\/div>\n\t\t\t\t<\/div>\n\t\t\t\t<section class=\"elementor-section elementor-inner-section elementor-element elementor-element-d50a227 elementor-section-full_width elementor-section-height-default elementor-section-height-default\" data-id=\"d50a227\" data-element_type=\"section\" data-e-type=\"section\">\n\t\t\t\t\t\t<div class=\"elementor-container elementor-column-gap-default\">\n\t\t\t\t\t<div class=\"elementor-column elementor-col-33 elementor-inner-column elementor-element elementor-element-c1ab28d\" data-id=\"c1ab28d\" data-element_type=\"column\" data-e-type=\"column\">\n\t\t\t<div class=\"elementor-widget-wrap elementor-element-populated\">\n\t\t\t\t\t\t<div class=\"elementor-element elementor-element-414291a elementor-widget elementor-widget-image\" data-id=\"414291a\" data-element_type=\"widget\" data-e-type=\"widget\" data-widget_type=\"image.default\">\n\t\t\t\t<div class=\"elementor-widget-container\">\n\t\t\t\t\t\t\t\t\t\t\t\t\t\t\t<img decoding=\"async\" width=\"192\" height=\"192\" data-src=\"https:\/\/www.jacinto-lda.com\/wp-content\/uploads\/2023\/07\/Rectangle-24.png\" class=\"attachment-large size-large wp-image-254 lazyload\" alt=\"Global Goal 9\" data-srcset=\"https:\/\/www.jacinto-lda.com\/wp-content\/uploads\/2023\/07\/Rectangle-24.png 192w, https:\/\/www.jacinto-lda.com\/wp-content\/uploads\/2023\/07\/Rectangle-24-150x150.png 150w, https:\/\/www.jacinto-lda.com\/wp-content\/uploads\/2023\/07\/Rectangle-24-12x12.png 12w\" data-sizes=\"(max-width: 192px) 100vw, 192px\" src=\"data:image\/svg+xml;base64,PHN2ZyB3aWR0aD0iMSIgaGVpZ2h0PSIxIiB4bWxucz0iaHR0cDovL3d3dy53My5vcmcvMjAwMC9zdmciPjwvc3ZnPg==\" style=\"--smush-placeholder-width: 192px; --smush-placeholder-aspect-ratio: 192\/192;\" \/>\t\t\t\t\t\t\t\t\t\t\t\t\t\t\t<\/div>\n\t\t\t\t<\/div>\n\t\t\t\t\t<\/div>\n\t\t<\/div>\n\t\t\t\t<div class=\"elementor-column elementor-col-33 elementor-inner-column elementor-element elementor-element-d28da3c\" data-id=\"d28da3c\" data-element_type=\"column\" data-e-type=\"column\">\n\t\t\t<div class=\"elementor-widget-wrap elementor-element-populated\">\n\t\t\t\t\t\t<div class=\"elementor-element elementor-element-caa8e0b elementor-widget elementor-widget-image\" data-id=\"caa8e0b\" data-element_type=\"widget\" data-e-type=\"widget\" data-widget_type=\"image.default\">\n\t\t\t\t<div class=\"elementor-widget-container\">\n\t\t\t\t\t\t\t\t\t\t\t\t\t\t\t<img decoding=\"async\" width=\"192\" height=\"192\" data-src=\"https:\/\/www.jacinto-lda.com\/wp-content\/uploads\/2023\/07\/Rectangle-25.png\" class=\"attachment-large size-large wp-image-255 lazyload\" alt=\"Global Goal 12\" data-srcset=\"https:\/\/www.jacinto-lda.com\/wp-content\/uploads\/2023\/07\/Rectangle-25.png 192w, https:\/\/www.jacinto-lda.com\/wp-content\/uploads\/2023\/07\/Rectangle-25-150x150.png 150w, https:\/\/www.jacinto-lda.com\/wp-content\/uploads\/2023\/07\/Rectangle-25-12x12.png 12w\" data-sizes=\"(max-width: 192px) 100vw, 192px\" src=\"data:image\/svg+xml;base64,PHN2ZyB3aWR0aD0iMSIgaGVpZ2h0PSIxIiB4bWxucz0iaHR0cDovL3d3dy53My5vcmcvMjAwMC9zdmciPjwvc3ZnPg==\" style=\"--smush-placeholder-width: 192px; --smush-placeholder-aspect-ratio: 192\/192;\" \/>\t\t\t\t\t\t\t\t\t\t\t\t\t\t\t<\/div>\n\t\t\t\t<\/div>\n\t\t\t\t\t<\/div>\n\t\t<\/div>\n\t\t\t\t<div class=\"elementor-column elementor-col-33 elementor-inner-column elementor-element elementor-element-461fb8b\" data-id=\"461fb8b\" data-element_type=\"column\" data-e-type=\"column\">\n\t\t\t<div class=\"elementor-widget-wrap elementor-element-populated\">\n\t\t\t\t\t\t<div class=\"elementor-element elementor-element-c6ab549 elementor-widget elementor-widget-image\" data-id=\"c6ab549\" data-element_type=\"widget\" data-e-type=\"widget\" data-widget_type=\"image.default\">\n\t\t\t\t<div class=\"elementor-widget-container\">\n\t\t\t\t\t\t\t\t\t\t\t\t\t\t\t<img decoding=\"async\" width=\"192\" height=\"192\" data-src=\"https:\/\/www.jacinto-lda.com\/wp-content\/uploads\/2023\/07\/Rectangle-26.png\" class=\"attachment-large size-large wp-image-256 lazyload\" alt=\"Global Goal 13\" data-srcset=\"https:\/\/www.jacinto-lda.com\/wp-content\/uploads\/2023\/07\/Rectangle-26.png 192w, https:\/\/www.jacinto-lda.com\/wp-content\/uploads\/2023\/07\/Rectangle-26-150x150.png 150w, https:\/\/www.jacinto-lda.com\/wp-content\/uploads\/2023\/07\/Rectangle-26-12x12.png 12w\" data-sizes=\"(max-width: 192px) 100vw, 192px\" src=\"data:image\/svg+xml;base64,PHN2ZyB3aWR0aD0iMSIgaGVpZ2h0PSIxIiB4bWxucz0iaHR0cDovL3d3dy53My5vcmcvMjAwMC9zdmciPjwvc3ZnPg==\" style=\"--smush-placeholder-width: 192px; --smush-placeholder-aspect-ratio: 192\/192;\" \/>\t\t\t\t\t\t\t\t\t\t\t\t\t\t\t<\/div>\n\t\t\t\t<\/div>\n\t\t\t\t\t<\/div>\n\t\t<\/div>\n\t\t\t\t\t<\/div>\n\t\t<\/section>\n\t\t\t\t\t<\/div>\n\t\t<\/div>\n\t\t\t\t<div class=\"elementor-column elementor-col-50 elementor-inner-column elementor-element elementor-element-6296dea\" data-id=\"6296dea\" data-element_type=\"column\" data-e-type=\"column\">\n\t\t\t<div class=\"elementor-widget-wrap elementor-element-populated\">\n\t\t\t\t\t\t<div class=\"elementor-element elementor-element-fa5cbfd elementor-widget elementor-widget-text-editor\" data-id=\"fa5cbfd\" data-element_type=\"widget\" data-e-type=\"widget\" data-widget_type=\"text-editor.default\">\n\t\t\t\t<div class=\"elementor-widget-container\">\n\t\t\t\t\t\t\t\t\t<div class=\"btx-item js-item-text btx-text btx-left-align btx-primary-font\"><div class=\"btx-row\"><div class=\"btx-text-content btx-col-12\"><div class=\"btx-text-content-inner\"><span class=\"font-style\"><strong><em>9 INDUSTRY, INNOVATION AND INFRASTRUCTURE<\/em><\/strong><br \/><\/span><\/div><\/div><\/div><\/div><div class=\"btx-item js-item-text btx-text btx-left-align btx-primary-font\"><div class=\"btx-row\"><div class=\"btx-text-content btx-col-12\"><div class=\"btx-text-content-inner\">Build resilient infrastructure, promote inclusive and sustainable industrialization, and foster innovation.<\/div><div>\u00a0<\/div><\/div><\/div><\/div><div class=\"btx-item js-item-text btx-text btx-left-align btx-primary-font\"><div class=\"btx-row\"><div class=\"btx-text-content btx-col-12\"><div class=\"btx-text-content-inner\"><span class=\"font-style\"><em><strong>12 RESPONSIBLE CONSUPTION AND PRODUCTION<\/strong><\/em><br \/><\/span><\/div><\/div><\/div><\/div><div class=\"btx-item js-item-text btx-text btx-left-align btx-primary-font\"><div class=\"btx-row\"><div class=\"btx-text-content btx-col-12\"><div class=\"btx-text-content-inner\">Ensure sustainable consumption and production patterns.<\/div><div>\u00a0<\/div><\/div><\/div><\/div><div class=\"btx-item js-item-text btx-text btx-left-align btx-primary-font\"><div class=\"btx-row\"><div class=\"btx-text-content btx-col-12\"><div class=\"btx-text-content-inner\"><span class=\"font-style\"><em><strong>13 CLIMATE ACTION<\/strong><\/em><br \/><\/span><\/div><\/div><\/div><\/div><div class=\"btx-item js-item-text btx-text btx-left-align btx-primary-font\"><div class=\"btx-row\"><div class=\"btx-text-content btx-col-12\"><div class=\"btx-text-content-inner\">Take urgent action to combat climate change and its impacts.\u00a0<\/div><\/div><\/div><\/div>\t\t\t\t\t\t\t\t<\/div>\n\t\t\t\t<\/div>\n\t\t\t\t\t<\/div>\n\t\t<\/div>\n\t\t\t\t\t<\/div>\n\t\t<\/section>\n\t\t\t\t\t<\/div>\n\t\t<\/div>\n\t\t\t\t\t<\/div>\n\t\t<\/section>\n\t\t\t\t<\/div>","protected":false},"excerpt":{"rendered":"<p>UN GLOBAL GOALS Sustentabilidade 9 INDUSTRY, INNOVATION AND INFRASTRUCTUREConstruir infraestruturas resilientes, promover a industrializa\u00e7\u00e3o inclusiva e sustent\u00e1vel e fomentar a inova\u00e7\u00e3o.\u00a012 RESPONSIBLE CONSUPTION AND PRODUCTIONGarantir padr\u00f5es de consumo e de produ\u00e7\u00e3o sustent\u00e1veis.\u00a013 CLIMATE ACTIONAdotar medidas urgentes para combater as altera\u00e7\u00f5es clim\u00e1ticas e os seus impactos.\u00a0<\/p>","protected":false},"author":1,"featured_media":0,"parent":0,"menu_order":0,"comment_status":"closed","ping_status":"closed","template":"","meta":{"_acf_changed":false,"inline_featured_image":false,"footnotes":""},"class_list":["post-2553","page","type-page","status-publish","hentry"],"acf":[],"_links":{"self":[{"href":"https:\/\/www.jacinto-lda.com\/en\/wp-json\/wp\/v2\/pages\/2553","targetHints":{"allow":["GET"]}}],"collection":[{"href":"https:\/\/www.jacinto-lda.com\/en\/wp-json\/wp\/v2\/pages"}],"about":[{"href":"https:\/\/www.jacinto-lda.com\/en\/wp-json\/wp\/v2\/types\/page"}],"author":[{"embeddable":true,"href":"https:\/\/www.jacinto-lda.com\/en\/wp-json\/wp\/v2\/users\/1"}],"replies":[{"embeddable":true,"href":"https:\/\/www.jacinto-lda.com\/en\/wp-json\/wp\/v2\/comments?post=2553"}],"version-history":[{"count":0,"href":"https:\/\/www.jacinto-lda.com\/en\/wp-json\/wp\/v2\/pages\/2553\/revisions"}],"wp:attachment":[{"href":"https:\/\/www.jacinto-lda.com\/en\/wp-json\/wp\/v2\/media?parent=2553"}],"curies":[{"name":"wp","href":"https:\/\/api.w.org\/{rel}","templated":true}]}}