{"id":2527,"date":"2023-11-07T17:59:35","date_gmt":"2023-11-07T17:59:35","guid":{"rendered":"https:\/\/www.jacinto-lda.com\/?page_id=2527"},"modified":"2025-11-28T22:50:24","modified_gmt":"2025-11-28T22:50:24","slug":"politica-qasst","status":"publish","type":"page","link":"https:\/\/www.jacinto-lda.com\/de\/politica-qasst\/","title":{"rendered":"QASST-Richtlinie"},"content":{"rendered":"<div data-elementor-type=\"wp-page\" data-elementor-id=\"2527\" class=\"elementor elementor-2527\" data-elementor-post-type=\"page\">\n\t\t\t\t\t\t<section class=\"elementor-section elementor-top-section elementor-element elementor-element-d9b7273 elementor-section-boxed elementor-section-height-default elementor-section-height-default\" data-id=\"d9b7273\" data-element_type=\"section\" data-e-type=\"section\">\n\t\t\t\t\t\t<div class=\"elementor-container elementor-column-gap-default\">\n\t\t\t\t\t<div class=\"elementor-column elementor-col-100 elementor-top-column elementor-element elementor-element-12cf539\" data-id=\"12cf539\" data-element_type=\"column\" data-e-type=\"column\">\n\t\t\t<div class=\"elementor-widget-wrap\">\n\t\t\t\t\t\t\t<\/div>\n\t\t<\/div>\n\t\t\t\t\t<\/div>\n\t\t<\/section>\n\t\t\t\t<section class=\"elementor-section elementor-top-section elementor-element elementor-element-0b13f80 elementor-section-boxed elementor-section-height-default elementor-section-height-default\" data-id=\"0b13f80\" data-element_type=\"section\" data-e-type=\"section\">\n\t\t\t\t\t\t<div class=\"elementor-container elementor-column-gap-default\">\n\t\t\t\t\t<div class=\"elementor-column elementor-col-100 elementor-top-column elementor-element elementor-element-beb66d1\" data-id=\"beb66d1\" data-element_type=\"column\" data-e-type=\"column\">\n\t\t\t<div class=\"elementor-widget-wrap elementor-element-populated\">\n\t\t\t\t\t\t<div class=\"elementor-element elementor-element-677cc3a elementor-widget elementor-widget-heading\" data-id=\"677cc3a\" data-element_type=\"widget\" data-e-type=\"widget\" data-widget_type=\"heading.default\">\n\t\t\t\t<div class=\"elementor-widget-container\">\n\t\t\t\t\t<h1 class=\"elementor-heading-title elementor-size-default\">QASST-Richtlinie<\/h1>\t\t\t\t<\/div>\n\t\t\t\t<\/div>\n\t\t\t\t<div class=\"elementor-element elementor-element-63a3636 elementor-widget elementor-widget-heading\" data-id=\"63a3636\" data-element_type=\"widget\" data-e-type=\"widget\" data-widget_type=\"heading.default\">\n\t\t\t\t<div class=\"elementor-widget-container\">\n\t\t\t\t\t<h2 class=\"elementor-heading-title elementor-size-default\">POLITIK F\u00dcR QUALIT\u00c4T, UMWELT, ARBEITS- UND GESUNDHEITSSCHUTZ, FORSCHUNG, ENTWICKLUNG UND INNOVATION<\/h2>\t\t\t\t<\/div>\n\t\t\t\t<\/div>\n\t\t\t\t<div class=\"elementor-element elementor-element-fa5cbfd elementor-widget elementor-widget-text-editor\" data-id=\"fa5cbfd\" data-element_type=\"widget\" data-e-type=\"widget\" data-widget_type=\"text-editor.default\">\n\t\t\t\t<div class=\"elementor-widget-container\">\n\t\t\t\t\t\t\t\t\t<p>Angesichts der Wettbewerbsf\u00e4higkeit des Marktes und der dadurch zunehmenden Bedeutung der Anforderungen der Interessierten Parteien h\u00e4lt Jacinto Marques De Oliveira, Sucrs. Lda (Jacinto), die kontinuierliche Verbesserung seines Integrierten Managementsystems f\u00fcr Qualit\u00e4t, Umwelt, Arbeits- und Gesundheitsschutz sowie Forschung, Entwicklung und Innovation f\u00fcr wesentlich. Dies umfasst die Verbindung von Qualit\u00e4t mit dem Respekt f\u00fcr die Sicherheit und Gesundheit der Mitarbeitenden und f\u00fcr die Umwelt sowie die St\u00e4rkung der sozialen Verantwortung, Nachhaltigkeit und Innovationsf\u00e4higkeit der Organisation als entscheidenden Faktor, um sie auf die neuen Herausforderungen vorzubereiten, die neue Technologien, neue Gesch\u00e4ftsmodelle und neue Markttrends mit sich bringen.<\/p><p>Die Qualit\u00e4t, die Umwelt, die Sicherheit und Gesundheit der Mitarbeitenden sowie die Innovationsf\u00e4higkeit des Unternehmens werden von Jacinto als Priorit\u00e4ten angesehen, unter Ber\u00fccksichtigung der Einbindung aller interessierten Parteien. Das Integrierte Managementsystem verfolgt folgende allgemeine Ziele:<\/p><p>\u2022 St\u00e4ndige Verbesserung der Qualit\u00e4t seiner Produkte und Dienstleistungen.<\/p><p>\u2022 Erf\u00fcllung der Bed\u00fcrfnisse und Erwartungen der interessierten Parteien.<\/p><p>\u2022 Verbesserung der Arbeitsprozesse und der Produktivit\u00e4t.<\/p><p>\u2022 Verbesserung seiner Umweltleistung mit dem Ziel, die Nachhaltigkeit zu f\u00f6rdern.<\/p><p>\u2022 Verbesserung seiner Leistung im Bereich Arbeits- und Gesundheitsschutz mit dem Ziel, sichere und gesunde Arbeitsbedingungen bereitzustellen, Risiken zu beseitigen oder zu reduzieren und so Verletzungen und Berufskrankheiten vorzubeugen.<\/p><p>\u2022 F\u00f6rderung der Konsultation und Beteiligung der Mitarbeitenden.<\/p><p>\u2022 St\u00e4rkung von Kreativit\u00e4t und Innovation durch Investitionen in Forschungs- und Entwicklungsaktivit\u00e4ten.<\/p><p>\u2022 Einhaltung gesetzlicher und sonstiger f\u00fcr Jacinto geltender Anforderungen.<\/p><p>\u2022 Einhaltung der Anforderungen der Normen NP EN ISO 9001, NP EN ISO 14001, NP EN ISO 45001; NP 4457.<\/p><p>Die oberste Leitung von Jacinto verpflichtet sich, die Implementierung, Aufrechterhaltung und Verbesserung des Integrierten Managementsystems zu f\u00f6rdern, wobei sie auf die Schulung, Verantwortlichkeit und das Engagement ihrer Mitarbeitenden setzt und die erforderlichen Ressourcen f\u00fcr dessen Betrieb und Aktualisierung bereitstellt.<\/p>\t\t\t\t\t\t\t\t<\/div>\n\t\t\t\t<\/div>\n\t\t\t\t\t<\/div>\n\t\t<\/div>\n\t\t\t\t\t<\/div>\n\t\t<\/section>\n\t\t\t\t<\/div>","protected":false},"excerpt":{"rendered":"<p>Pol\u00edtica QASST POL\u00cdTICA QUALIDADE, AMBIENTE, SEGURAN\u00c7A E SA\u00daDE NO TRABALHO, INVESTIGA\u00c7\u00c3O, DESENVOLVIMENTO E INOVA\u00c7\u00c3O Dada a competitividade do mercado e consequentemente maior preocupa\u00e7\u00e3o com as exig\u00eancias das Partes Interessadas, a Jacinto Marques De Oliveira, Sucrs. Lda (Jacinto), constata ser fundamental a melhoria cont\u00ednua do seu Sistema de Gest\u00e3o Integrado de Qualidade, Ambiente, Seguran\u00e7a e Sa\u00fade [&hellip;]<\/p>\n","protected":false},"author":1,"featured_media":0,"parent":0,"menu_order":0,"comment_status":"closed","ping_status":"closed","template":"","meta":{"_acf_changed":false,"inline_featured_image":false,"footnotes":""},"class_list":["post-2527","page","type-page","status-publish","hentry"],"acf":[],"_links":{"self":[{"href":"https:\/\/www.jacinto-lda.com\/de\/wp-json\/wp\/v2\/pages\/2527","targetHints":{"allow":["GET"]}}],"collection":[{"href":"https:\/\/www.jacinto-lda.com\/de\/wp-json\/wp\/v2\/pages"}],"about":[{"href":"https:\/\/www.jacinto-lda.com\/de\/wp-json\/wp\/v2\/types\/page"}],"author":[{"embeddable":true,"href":"https:\/\/www.jacinto-lda.com\/de\/wp-json\/wp\/v2\/users\/1"}],"replies":[{"embeddable":true,"href":"https:\/\/www.jacinto-lda.com\/de\/wp-json\/wp\/v2\/comments?post=2527"}],"version-history":[{"count":18,"href":"https:\/\/www.jacinto-lda.com\/de\/wp-json\/wp\/v2\/pages\/2527\/revisions"}],"predecessor-version":[{"id":4058,"href":"https:\/\/www.jacinto-lda.com\/de\/wp-json\/wp\/v2\/pages\/2527\/revisions\/4058"}],"wp:attachment":[{"href":"https:\/\/www.jacinto-lda.com\/de\/wp-json\/wp\/v2\/media?parent=2527"}],"curies":[{"name":"wp","href":"https:\/\/api.w.org\/{rel}","templated":true}]}}