{"id":1613,"date":"2023-07-14T11:08:38","date_gmt":"2023-07-14T11:08:38","guid":{"rendered":"https:\/\/www.jacinto-lda.com\/?page_id=1613"},"modified":"2024-04-01T09:31:25","modified_gmt":"2024-04-01T09:31:25","slug":"canal-de-denuncias","status":"publish","type":"page","link":"https:\/\/www.jacinto-lda.com\/de\/canal-de-denuncias\/","title":{"rendered":"Canal de Den\u00fancias"},"content":{"rendered":"<div data-elementor-type=\"wp-page\" data-elementor-id=\"1613\" class=\"elementor elementor-1613\" data-elementor-post-type=\"page\">\n\t\t\t\t\t\t<section class=\"elementor-section elementor-top-section elementor-element elementor-element-d9b7273 elementor-section-boxed elementor-section-height-default elementor-section-height-default\" data-id=\"d9b7273\" data-element_type=\"section\" data-e-type=\"section\">\n\t\t\t\t\t\t<div class=\"elementor-container elementor-column-gap-default\">\n\t\t\t\t\t<div class=\"elementor-column elementor-col-100 elementor-top-column elementor-element elementor-element-12cf539\" data-id=\"12cf539\" data-element_type=\"column\" data-e-type=\"column\">\n\t\t\t<div class=\"elementor-widget-wrap\">\n\t\t\t\t\t\t\t<\/div>\n\t\t<\/div>\n\t\t\t\t\t<\/div>\n\t\t<\/section>\n\t\t\t\t<section class=\"elementor-section elementor-top-section elementor-element elementor-element-0b13f80 elementor-section-boxed elementor-section-height-default elementor-section-height-default\" data-id=\"0b13f80\" data-element_type=\"section\" data-e-type=\"section\">\n\t\t\t\t\t\t<div class=\"elementor-container elementor-column-gap-default\">\n\t\t\t\t\t<div class=\"elementor-column elementor-col-100 elementor-top-column elementor-element elementor-element-beb66d1\" data-id=\"beb66d1\" data-element_type=\"column\" data-e-type=\"column\">\n\t\t\t<div class=\"elementor-widget-wrap elementor-element-populated\">\n\t\t\t\t\t\t<div class=\"elementor-element elementor-element-63a3636 elementor-widget elementor-widget-heading\" data-id=\"63a3636\" data-element_type=\"widget\" data-e-type=\"widget\" data-widget_type=\"heading.default\">\n\t\t\t\t<div class=\"elementor-widget-container\">\n\t\t\t\t\t<h2 class=\"elementor-heading-title elementor-size-default\">Information<\/h2>\t\t\t\t<\/div>\n\t\t\t\t<\/div>\n\t\t\t\t<div class=\"elementor-element elementor-element-677cc3a elementor-widget elementor-widget-heading\" data-id=\"677cc3a\" data-element_type=\"widget\" data-e-type=\"widget\" data-widget_type=\"heading.default\">\n\t\t\t\t<div class=\"elementor-widget-container\">\n\t\t\t\t\t<h1 class=\"elementor-heading-title elementor-size-default\">Beschwerdekanal<\/h1>\t\t\t\t<\/div>\n\t\t\t\t<\/div>\n\t\t\t\t\t<\/div>\n\t\t<\/div>\n\t\t\t\t\t<\/div>\n\t\t<\/section>\n\t\t\t\t<section class=\"elementor-section elementor-top-section elementor-element elementor-element-4288379 elementor-section-boxed elementor-section-height-default elementor-section-height-default\" data-id=\"4288379\" data-element_type=\"section\" data-e-type=\"section\">\n\t\t\t\t\t\t<div class=\"elementor-container elementor-column-gap-default\">\n\t\t\t\t\t<div class=\"elementor-column elementor-col-100 elementor-top-column elementor-element elementor-element-f5ad59b\" data-id=\"f5ad59b\" data-element_type=\"column\" data-e-type=\"column\">\n\t\t\t<div class=\"elementor-widget-wrap elementor-element-populated\">\n\t\t\t\t\t\t<div class=\"elementor-element elementor-element-ceb1e8e white-links elementor-widget elementor-widget-text-editor\" data-id=\"ceb1e8e\" data-element_type=\"widget\" data-e-type=\"widget\" data-widget_type=\"text-editor.default\">\n\t\t\t\t<div class=\"elementor-widget-container\">\n\t\t\t\t\t\t\t\t\t<p>Jacinto Marques de Oliveira, Sucrs., Lda. verf\u00fcgt \u00fcber einen Beschwerdekanal gem\u00e4\u00df dem Gesetz Nr. 93\/2021 (dem Gesetz zur Umsetzung der EU-Richtlinie 2019\/1937 \u2013 Hinweisgeberschutzgesetz).<\/p><p>Der Beschwerdekanal dient als internes Instrument des Unternehmens zur Verwaltung und Analyse von Praktiken, Handlungen oder Ereignissen, die von internen oder externen Personen gemeldet werden und gegen nationales oder EU-Recht in den folgenden Bereichen versto\u00dfen:<\/p><p>* Einstellungsverfahren;<\/p><p>* Produkte und\/oder Dienstleistungen (Compliance, Sicherheit und Verbraucherschutz);<\/p><p>* Finanzielle und wirtschaftliche Angelegenheiten<\/p><p>* Umweltschutz und \u00f6ffentliche Gesundheit;<\/p><p>* Schutz der Privatsph\u00e4re, personenbezogener Daten sowie von Informationsnetzwerken und -systemen;<\/p><p>Die Beschwerden sollten so viele Details und Informationen wie m\u00f6glich enthalten und nach M\u00f6glichkeit durch Dokumente belegt werden. Je nach Inhalt der jeweiligen Meldung k\u00f6nnen zus\u00e4tzliche Angaben und Informationen zur Situation angefordert werden.<\/p><p>Die Beschwerden k\u00f6nnen gemeldet werden von:<\/p><p>\u2013 Mitarbeiter oder ehemalige Mitarbeiter;<\/p><p>\u2013 Dienstleister;<\/p><p>\u2013 Lieferanten und\/oder deren Mitarbeiter;<\/p><p>\u2013 Mitglieder gesetzlicher Gremien<\/p><p>\u2013 Praktikanten;<\/p><p>\u2013 Bewerber;<\/p><p>Der meldenden Person wird Vertraulichkeit und Anonymit\u00e4t garantiert, bis diese Informationen f\u00fcr interne Untersuchungen oder m\u00f6gliche rechtliche Verfahren unverzichtbar werden. Alle Meldungen m\u00fcssen auf vern\u00fcnftigen Gr\u00fcnden beruhen und in gutem Glauben erfolgen. Vergeltungsma\u00dfnahmen gegen die Hinweisgebenden sind strengstens untersagt.<\/p><p>Verfahren zur Einreichung einer Beschwerde<br \/>\u00dcbermittlung der Mitteilung an eine der folgenden Adressen:<br \/>\u2013 E-Mail: whistleblowing@jacinto-lda.com<\/p><p>oder<\/p><p>* Mitteilung per Post an: Avenida dos Correios, Nr. 191 \u2013 Postfach 47, 3885-410 Esmoriz<\/p><p>Der Ablauf der Bearbeitung der Beschwerde:<\/p><p>\u2013 Innerhalb von 7 Tagen: Best\u00e4tigung des Eingangs der Meldung.<\/p><p>\u2013 Innerhalb von 3 Monaten: Mitteilung der Ergebnisse, Begr\u00fcndung und gegebenenfalls der nach der Meldung ergriffenen Ma\u00dfnahmen.<\/p><p>\u2013 Innerhalb von 15 Tagen nach Abschluss: (auf Wunsch der meldenden Person) Mitteilung der Ergebnisse der ergriffenen Ma\u00dfnahmen.<\/p><p>Die Aufzeichnung der Meldungen wird f\u00fcr einen Zeitraum von 5 Jahren oder f\u00fcr die Dauer etwaiger damit zusammenh\u00e4ngender rechtlicher oder administrativer Verfahren aufbewahrt.\u00a0<\/p>\t\t\t\t\t\t\t\t<\/div>\n\t\t\t\t<\/div>\n\t\t\t\t\t<\/div>\n\t\t<\/div>\n\t\t\t\t\t<\/div>\n\t\t<\/section>\n\t\t\t\t<\/div>","protected":false},"excerpt":{"rendered":"<p>Informa\u00e7\u00e3o Canal de den\u00fancias A Jacinto Marques de Oliveira, Sucrs., Lda. disp\u00f5e de um Canal de Den\u00fancias de acordo com a Lei n.\u00ba 93\/2021 (Norma que transp\u00f5e a Diretiva da Uni\u00e3o Europeia 2019\/1937 \u2013 Lei do Whistleblowing). O Canal de Den\u00fancias serve como mecanismo interno da empresa para gest\u00e3o e an\u00e1lise de pr\u00e1ticas, a\u00e7\u00f5es ou [&hellip;]<\/p>\n","protected":false},"author":1,"featured_media":0,"parent":0,"menu_order":0,"comment_status":"closed","ping_status":"closed","template":"","meta":{"_acf_changed":false,"inline_featured_image":false,"footnotes":""},"class_list":["post-1613","page","type-page","status-publish","hentry"],"acf":[],"_links":{"self":[{"href":"https:\/\/www.jacinto-lda.com\/de\/wp-json\/wp\/v2\/pages\/1613","targetHints":{"allow":["GET"]}}],"collection":[{"href":"https:\/\/www.jacinto-lda.com\/de\/wp-json\/wp\/v2\/pages"}],"about":[{"href":"https:\/\/www.jacinto-lda.com\/de\/wp-json\/wp\/v2\/types\/page"}],"author":[{"embeddable":true,"href":"https:\/\/www.jacinto-lda.com\/de\/wp-json\/wp\/v2\/users\/1"}],"replies":[{"embeddable":true,"href":"https:\/\/www.jacinto-lda.com\/de\/wp-json\/wp\/v2\/comments?post=1613"}],"version-history":[{"count":0,"href":"https:\/\/www.jacinto-lda.com\/de\/wp-json\/wp\/v2\/pages\/1613\/revisions"}],"wp:attachment":[{"href":"https:\/\/www.jacinto-lda.com\/de\/wp-json\/wp\/v2\/media?parent=1613"}],"curies":[{"name":"wp","href":"https:\/\/api.w.org\/{rel}","templated":true}]}}